{"id":815,"date":"2025-05-15T09:33:30","date_gmt":"2025-05-15T09:33:30","guid":{"rendered":"https:\/\/tlen-gaz.pl\/?page_id=815"},"modified":"2025-05-15T09:33:32","modified_gmt":"2025-05-15T09:33:32","slug":"wymiana-butli-gazowych-warszawa","status":"publish","type":"page","link":"https:\/\/tlen-gaz.pl\/?page_id=815","title":{"rendered":"Wymiana butli gazowych \u2013 Warszawa"},"content":{"rendered":"\n<p style=\"text-align: justify;\">Oferowana przez nas <strong>wymiana butli gazowych<\/strong> to us\u0142uga, kt\u00f3ra jest niezwykle istotna w codziennym funkcjonowaniu wielu gospodarstw domowych, firm, a tak\u017ce na budowach, gdzie gaz stanowi \u017ar\u00f3d\u0142o energii do gotowania, ogrzewania czy innych cel\u00f3w technologicznych. W naszej ofercie znajd\u0105 Pa\u0144stwo wygodn\u0105, bezpieczn\u0105 i kompleksow\u0105 wymian\u0119 butli gazowych, kt\u00f3ra jest dostosowana do indywidualnych potrzeb klient\u00f3w.<\/p>\n<h2 style=\"text-align: left;\">Bezpiecze\u0144stwo wymiany butli gazowych<\/h2>\n<p style=\"text-align: justify;\">Bezpiecze\u0144stwo to kwestia, kt\u00f3ra dla nas zawsze by\u0142a priorytetem. <strong>Wymiana butli gazowej odbywa si\u0119 zgodnie z obowi\u0105zuj\u0105cymi przepisami prawa<\/strong>, a nasze us\u0142ugi s\u0105 realizowane przez wysoko wykwalifikowanych pracownik\u00f3w. Ka\u017cdy z pracownik\u00f3w przeszed\u0142 odpowiednie szkolenia, kt\u00f3re pozwalaj\u0105 na prawid\u0142owe i bezpieczne przeprowadzenie wymiany butli. Ponadto, nasze butle gazowe s\u0105 starannie sprawdzane pod k\u0105tem szczelno\u015bci, co gwarantuje, \u017ce nie wyst\u0105pi\u0105 \u017cadne niepo\u017c\u0105dane sytuacje zwi\u0105zane z wyciekiem <a href=\"https:\/\/tlen-gaz.pl\/gazy-techniczne-marki\">gaz\u00f3w technicznych<\/a>, dzi\u0119ki czemu nasi klienci mog\u0105 mie\u0107 pewno\u015b\u0107, \u017ce wymiana butli gazowej odbywa si\u0119 w pe\u0142ni profesjonalnie, z zachowaniem najwy\u017cszych standard\u00f3w bezpiecze\u0144stwa.<\/p>\n","protected":false},"excerpt":{"rendered":"<p>Oferowana przez nas wymiana butli gazowych to us\u0142uga, kt\u00f3ra jest niezwykle istotna w codziennym funkcjonowaniu wielu gospodarstw domowych, firm, a tak\u017ce na budowach, gdzie gaz stanowi \u017ar\u00f3d\u0142o energii do gotowania, ogrzewania czy innych cel\u00f3w technologicznych. W naszej ofercie znajd\u0105 Pa\u0144stwo wygodn\u0105, bezpieczn\u0105 i kompleksow\u0105 wymian\u0119 butli gazowych, kt\u00f3ra jest dostosowana do indywidualnych potrzeb klient\u00f3w. Bezpiecze\u0144stwo&#8230;<\/p>\n","protected":false},"author":1,"featured_media":0,"parent":0,"menu_order":0,"comment_status":"closed","ping_status":"closed","template":"","meta":{"_mi_skip_tracking":false,"_kad_post_transparent":"","_kad_post_title":"","_kad_post_layout":"","_kad_post_sidebar_id":"","_kad_post_content_style":"","_kad_post_vertical_padding":"","_kad_post_feature":"","_kad_post_feature_position":"","_kad_post_header":false,"_kad_post_footer":false},"aioseo_notices":[],"_links":{"self":[{"href":"https:\/\/tlen-gaz.pl\/index.php?rest_route=\/wp\/v2\/pages\/815"}],"collection":[{"href":"https:\/\/tlen-gaz.pl\/index.php?rest_route=\/wp\/v2\/pages"}],"about":[{"href":"https:\/\/tlen-gaz.pl\/index.php?rest_route=\/wp\/v2\/types\/page"}],"author":[{"embeddable":true,"href":"https:\/\/tlen-gaz.pl\/index.php?rest_route=\/wp\/v2\/users\/1"}],"replies":[{"embeddable":true,"href":"https:\/\/tlen-gaz.pl\/index.php?rest_route=%2Fwp%2Fv2%2Fcomments&post=815"}],"version-history":[{"count":2,"href":"https:\/\/tlen-gaz.pl\/index.php?rest_route=\/wp\/v2\/pages\/815\/revisions"}],"predecessor-version":[{"id":837,"href":"https:\/\/tlen-gaz.pl\/index.php?rest_route=\/wp\/v2\/pages\/815\/revisions\/837"}],"wp:attachment":[{"href":"https:\/\/tlen-gaz.pl\/index.php?rest_route=%2Fwp%2Fv2%2Fmedia&parent=815"}],"curies":[{"name":"wp","href":"https:\/\/api.w.org\/{rel}","templated":true}]}}