{"id":813,"date":"2025-05-15T09:32:37","date_gmt":"2025-05-15T09:32:37","guid":{"rendered":"https:\/\/tlen-gaz.pl\/?page_id=813"},"modified":"2025-05-15T09:32:38","modified_gmt":"2025-05-15T09:32:38","slug":"napelnianie-butli-sodawater-zielonka","status":"publish","type":"page","link":"https:\/\/tlen-gaz.pl\/?page_id=813","title":{"rendered":"Nape\u0142nianie butli SodaWater \u2013 Zielonka"},"content":{"rendered":"\n<p style=\"text-align: justify;\">Woda gazowana to nap\u00f3j, kt\u00f3ry zyskuje coraz wi\u0119ksz\u0105 popularno\u015b\u0107 w\u015br\u00f3d os\u00f3b poszukuj\u0105cych orze\u017awiaj\u0105cych i zdrowych alternatyw dla innych napoj\u00f3w. Aby zapewni\u0107 sta\u0142y dost\u0119p do tego napoju, wielu u\u017cytkownik\u00f3w decyduje si\u0119 na korzystanie z butli gazowych, kt\u00f3re s\u0105 nabijane gazem w profesjonalnych punktach. Oferujemy <strong>nabijanie butli SodaWater<\/strong>, kt\u00f3ra stanowi wygodne rozwi\u0105zanie dla os\u00f3b prywatnych, jak r\u00f3wnie\u017c dla przedsi\u0119biorstw i instytucji. Dzi\u0119ki naszej ofercie, nasi klienci mog\u0105 cieszy\u0107 si\u0119 smaczn\u0105 wod\u0105 sodow\u0105 w ka\u017cdej chwili.<\/p>\n<h2 style=\"text-align: left;\">Bezpieczne nape\u0142nianie butli SodaWater<\/h2>\n<p style=\"text-align: justify;\">Us\u0142uga nabijania butli Soda Water, kt\u00f3r\u0105 oferujemy, jest <strong>bezpieczna i profesjonalna<\/strong>. Nasza firma zapewnia pe\u0142n\u0105 kontrol\u0119 nad procesem nabijania gazem, kt\u00f3ry odbywa si\u0119 w odpowiednich warunkach i zgodnie z obowi\u0105zuj\u0105cymi normami. Ka\u017cda butla, kt\u00f3ra jest dostarczana do naszych klient\u00f3w, przechodzi szczeg\u00f3\u0142owe kontrole szczelno\u015bci i jako\u015bci gazu, co gwarantuje bezpiecze\u0144stwo u\u017cytkowania. Pracownicy naszej firmy posiadaj\u0105 odpowiednie kwalifikacje oraz do\u015bwiadczenie, dzi\u0119ki czemu ka\u017cdy etap procesu przebiega bez zak\u0142\u00f3ce\u0144, a klienci mog\u0105 mie\u0107 pewno\u015b\u0107, \u017ce otrzymuj\u0105 produkt najwy\u017cszej jako\u015bci.<\/p>\n<h2 style=\"text-align: left;\">Dostarczamy butle SodaWater pod drzwi klient\u00f3w<\/h2>\n<p style=\"text-align: justify;\">Zalet\u0105 naszej oferty jest r\u00f3wnie\u017c <strong>wygoda<\/strong>, jak\u0105 oferujemy naszym klientom. Woda sodowa jest wykorzystywana nie tylko w gospodarstwach domowych, ale tak\u017ce w restauracjach, barach czy hotelach. Dla takich obiekt\u00f3w wa\u017cne jest, by woda gazowana by\u0142a dost\u0119pna w odpowiednich ilo\u015bciach, bez konieczno\u015bci wielokrotnego zaopatrywania si\u0119 w sklepie. Nasza firma oferuje <strong>wygodn\u0105 dostaw\u0119 nabitych butli<\/strong> bezpo\u015brednio do miejsca wskazanego przez klienta. Dzi\u0119ki temu, osoby korzystaj\u0105ce z naszej us\u0142ugi nie musz\u0105 traci\u0107 czasu na transport, co znacz\u0105co u\u0142atwia organizacj\u0119 pracy.<\/p>\n<p style=\"text-align: justify;\"><strong>Regularno\u015b\u0107 us\u0142ug<\/strong> to kolejny element, kt\u00f3ry przemawia na korzy\u015b\u0107 naszej oferty. Osoby, kt\u00f3re korzystaj\u0105 z wody gazowanej na co dzie\u0144, mog\u0105 zdecydowa\u0107 si\u0119 na sta\u0142\u0105 wsp\u00f3\u0142prac\u0119, dzi\u0119ki kt\u00f3rej nasze us\u0142ugi b\u0119d\u0105 dostosowane do ich indywidualnych potrzeb. Oferujemy <strong>elastyczno\u015b\u0107<\/strong> w zakresie cz\u0119stotliwo\u015bci nabijania butli, co pozwala na pe\u0142ne dopasowanie do oczekiwa\u0144 klient\u00f3w.<\/p>\n<h2 style=\"text-align: left;\">Zapewniamy gaz spe\u0142niaj\u0105cy normy jako\u015bciowe<\/h2>\n<p style=\"text-align: justify;\">Bezpiecze\u0144stwo to nasz priorytet, dlatego w <strong>wszystkich naszych butlach gazowych<\/strong> stosujemy tylko gaz, kt\u00f3ry spe\u0142nia najwy\u017csze normy jako\u015bciowe. Dzi\u0119ki temu nasi klienci mog\u0105 mie\u0107 pewno\u015b\u0107, \u017ce korzystaj\u0105 z produkt\u00f3w, kt\u00f3re s\u0105 w pe\u0142ni bezpieczne i ekologiczne. Oferujemy r\u00f3wnie\u017c <strong>recykling butli gazowych<\/strong>, co pozwala na ich wielokrotne u\u017cycie, zmniejszaj\u0105c negatywny wp\u0142yw na \u015brodowisko.<\/p>\n<p style=\"text-align: justify;\">W naszej ofercie dost\u0119pne jest tak\u017ce <a href=\"https:\/\/tlen-gaz.pl\/nape\u0142nianie-butli-co2-marki\">nape\u0142nianie butli CO2<\/a>.<\/p>\n","protected":false},"excerpt":{"rendered":"<p>Woda gazowana to nap\u00f3j, kt\u00f3ry zyskuje coraz wi\u0119ksz\u0105 popularno\u015b\u0107 w\u015br\u00f3d os\u00f3b poszukuj\u0105cych orze\u017awiaj\u0105cych i zdrowych alternatyw dla innych napoj\u00f3w. Aby zapewni\u0107 sta\u0142y dost\u0119p do tego napoju, wielu u\u017cytkownik\u00f3w decyduje si\u0119 na korzystanie z butli gazowych, kt\u00f3re s\u0105 nabijane gazem w profesjonalnych punktach. Oferujemy nabijanie butli SodaWater, kt\u00f3ra stanowi wygodne rozwi\u0105zanie dla os\u00f3b prywatnych, jak r\u00f3wnie\u017c&#8230;<\/p>\n","protected":false},"author":1,"featured_media":0,"parent":0,"menu_order":0,"comment_status":"closed","ping_status":"closed","template":"","meta":{"_mi_skip_tracking":false,"_kad_post_transparent":"","_kad_post_title":"","_kad_post_layout":"","_kad_post_sidebar_id":"","_kad_post_content_style":"","_kad_post_vertical_padding":"","_kad_post_feature":"","_kad_post_feature_position":"","_kad_post_header":false,"_kad_post_footer":false},"aioseo_notices":[],"_links":{"self":[{"href":"https:\/\/tlen-gaz.pl\/index.php?rest_route=\/wp\/v2\/pages\/813"}],"collection":[{"href":"https:\/\/tlen-gaz.pl\/index.php?rest_route=\/wp\/v2\/pages"}],"about":[{"href":"https:\/\/tlen-gaz.pl\/index.php?rest_route=\/wp\/v2\/types\/page"}],"author":[{"embeddable":true,"href":"https:\/\/tlen-gaz.pl\/index.php?rest_route=\/wp\/v2\/users\/1"}],"replies":[{"embeddable":true,"href":"https:\/\/tlen-gaz.pl\/index.php?rest_route=%2Fwp%2Fv2%2Fcomments&post=813"}],"version-history":[{"count":2,"href":"https:\/\/tlen-gaz.pl\/index.php?rest_route=\/wp\/v2\/pages\/813\/revisions"}],"predecessor-version":[{"id":836,"href":"https:\/\/tlen-gaz.pl\/index.php?rest_route=\/wp\/v2\/pages\/813\/revisions\/836"}],"wp:attachment":[{"href":"https:\/\/tlen-gaz.pl\/index.php?rest_route=%2Fwp%2Fv2%2Fmedia&parent=813"}],"curies":[{"name":"wp","href":"https:\/\/api.w.org\/{rel}","templated":true}]}}