{"id":811,"date":"2025-05-15T09:30:56","date_gmt":"2025-05-15T09:30:56","guid":{"rendered":"https:\/\/tlen-gaz.pl\/?page_id=811"},"modified":"2025-05-15T09:30:59","modified_gmt":"2025-05-15T09:30:59","slug":"napelnianie-butli-argonem-warszawa","status":"publish","type":"page","link":"https:\/\/tlen-gaz.pl\/?page_id=811","title":{"rendered":"Nape\u0142nianie butli argonem \u2013 Warszawa"},"content":{"rendered":"\n<p style=\"text-align: justify;\">Jednym z kluczowych element\u00f3w wykorzystywanych w przemy\u015ble jest argon, gaz szlachetny, kt\u00f3ry odgrywa niezwykle istotn\u0105 rol\u0119 w wielu zastosowaniach przemys\u0142owych, takich jak spawanie, ci\u0119cie, a tak\u017ce jako atmosfera ochronna w r\u00f3\u017cnych procesach produkcyjnych. W naszej ofercie znajduje si\u0119 profesjonaln<strong>e <\/strong><strong>nape\u0142nianie butli argonem<\/strong>, kt\u00f3re stanowi niezawodne rozwi\u0105zanie dla firm oraz os\u00f3b indywidualnych, kt\u00f3re potrzebuj\u0105 tego gazu w swojej dzia\u0142alno\u015bci.<\/p>\n<h2 style=\"text-align: left;\">Dlaczego warto zleci\u0107 nam nabijanie butli argonem?<\/h2>\n<p style=\"text-align: justify;\">Korzy\u015bci p\u0142yn\u0105ce z skorzystania z naszej us\u0142ugi s\u0105 liczne i obejmuj\u0105 szeroki zakres aspekt\u00f3w, od jako\u015bci przez bezpiecze\u0144stwo po wygod\u0119. Przede wszystkim <strong>us\u0142uga nape\u0142niania butli argonem<\/strong> zapewnia klientom pe\u0142n\u0105 satysfakcj\u0119 z u\u017cytkowania tego gazu, poniewa\u017c ka\u017cda butla, kt\u00f3r\u0105 nabijamy, jest starannie kontrolowana pod k\u0105tem jako\u015bci gazu oraz szczelno\u015bci samej butli.<\/p>\n<p style=\"text-align: justify;\">Zdajemy sobie spraw\u0119, \u017ce b\u0142\u0119dy w obs\u0142udze butli gazowych mog\u0105 prowadzi\u0107 do powa\u017cnych konsekwencji, dlatego ka\u017cda butla, kt\u00f3r\u0105 nape\u0142niamy, jest poddawana dok\u0142adnym kontrolom, aby zapewni\u0107 jej pe\u0142n\u0105 szczelno\u015b\u0107 i bezpiecze\u0144stwo u\u017cytkowania. Ponadto, nasze butle gazowe s\u0105 regularnie sprawdzane, aby zapewni\u0107 ich trwa\u0142o\u015b\u0107 i niezawodno\u015b\u0107, co daje klientom pewno\u015b\u0107, \u017ce nie b\u0119d\u0105 nara\u017ceni na \u017cadne zagro\u017cenia zwi\u0105zane z u\u017cywaniem butli gazowych.<\/p>\n<h2 style=\"text-align: left;\">Stosujemy wysokiej jako\u015bci argon<\/h2>\n<p style=\"text-align: justify;\">Jednym z powod\u00f3w, dla kt\u00f3rych warto skorzysta\u0107 z naszej oferty, jest <strong>wysoka jako\u015b\u0107 gazu<\/strong>, kt\u00f3ry dostarczamy. <strong>Argon<\/strong>, kt\u00f3ry nape\u0142niamy do butli, jest gazem o wysokiej czysto\u015bci, co ma ogromne znaczenie w zastosowaniach, kt\u00f3re wymagaj\u0105 precyzyjnych parametr\u00f3w, takich jak spawanie w os\u0142onie gazu czy produkcja komponent\u00f3w elektronicznych. Jako firma z wieloletnim do\u015bwiadczeniem w bran\u017cy, dok\u0142adamy wszelkich stara\u0144, aby dostarczany gaz spe\u0142nia\u0142 normy jako\u015bciowe, co sprawia, \u017ce nasze us\u0142ugi s\u0105 cenione przez szerokie grono odbiorc\u00f3w.<\/p>\n<h2 style=\"text-align: left;\">Oferujemy dostaw\u0119 pod drzwi klienta<\/h2>\n<p style=\"text-align: justify;\">Kolejnym argumentem przemawiaj\u0105cym za skorzystaniem z naszych us\u0142ug jest <strong>wygoda<\/strong>, jak\u0105 zapewniamy naszym klientom. Dzi\u0119ki oferowanej przez nas us\u0142udze nape\u0142niania butli argonem, klienci nie musz\u0105 samodzielnie zajmowa\u0107 si\u0119 nape\u0142nianiem butli w innych punktach czy transportem butli do odleg\u0142ych stacji. Nasi klienci mog\u0105 skorzysta\u0107 z opcji <strong>dostawy nabitych butli<\/strong> bezpo\u015brednio do ich miejsca dzia\u0142alno\u015bci, co oszcz\u0119dza czas i pieni\u0105dze. Wsp\u00f3\u0142pracujemy z wieloma firmami, kt\u00f3re regularnie korzystaj\u0105 z naszego nape\u0142niania butli argonem, co pozwala im na pe\u0142n\u0105 wygod\u0119 i ci\u0105g\u0142o\u015b\u0107 dostaw gazu w ramach ich dzia\u0142alno\u015bci. Oferujemy tak\u017ce <a href=\"https:\/\/tlen-gaz.pl\/nape\u0142nianie-butli-co2-marki\">nape\u0142nianie butli CO2<\/a>.<\/p>\n<p style=\"text-align: justify;\"><strong>Elastyczno\u015b\u0107<\/strong> naszej oferty to kolejna zaleta, kt\u00f3r\u0105 oferujemy. Nape\u0142niamy butle argonem w r\u00f3\u017cnych pojemno\u015bciach, co pozwala na dopasowanie us\u0142ug do indywidualnych potrzeb klient\u00f3w. Niezale\u017cnie od tego, czy klient potrzebuje ma\u0142ych butli do precyzyjnego spawania, czy du\u017cych pojemnik\u00f3w wykorzystywanych w przemy\u015ble, nasza firma zapewnia odpowiednie rozwi\u0105zania.<\/p>\n","protected":false},"excerpt":{"rendered":"<p>Jednym z kluczowych element\u00f3w wykorzystywanych w przemy\u015ble jest argon, gaz szlachetny, kt\u00f3ry odgrywa niezwykle istotn\u0105 rol\u0119 w wielu zastosowaniach przemys\u0142owych, takich jak spawanie, ci\u0119cie, a tak\u017ce jako atmosfera ochronna w r\u00f3\u017cnych procesach produkcyjnych. W naszej ofercie znajduje si\u0119 profesjonalne nape\u0142nianie butli argonem, kt\u00f3re stanowi niezawodne rozwi\u0105zanie dla firm oraz os\u00f3b indywidualnych, kt\u00f3re potrzebuj\u0105 tego gazu&#8230;<\/p>\n","protected":false},"author":1,"featured_media":0,"parent":0,"menu_order":0,"comment_status":"closed","ping_status":"closed","template":"","meta":{"_mi_skip_tracking":false,"_kad_post_transparent":"","_kad_post_title":"","_kad_post_layout":"","_kad_post_sidebar_id":"","_kad_post_content_style":"","_kad_post_vertical_padding":"","_kad_post_feature":"","_kad_post_feature_position":"","_kad_post_header":false,"_kad_post_footer":false},"aioseo_notices":[],"_links":{"self":[{"href":"https:\/\/tlen-gaz.pl\/index.php?rest_route=\/wp\/v2\/pages\/811"}],"collection":[{"href":"https:\/\/tlen-gaz.pl\/index.php?rest_route=\/wp\/v2\/pages"}],"about":[{"href":"https:\/\/tlen-gaz.pl\/index.php?rest_route=\/wp\/v2\/types\/page"}],"author":[{"embeddable":true,"href":"https:\/\/tlen-gaz.pl\/index.php?rest_route=\/wp\/v2\/users\/1"}],"replies":[{"embeddable":true,"href":"https:\/\/tlen-gaz.pl\/index.php?rest_route=%2Fwp%2Fv2%2Fcomments&post=811"}],"version-history":[{"count":2,"href":"https:\/\/tlen-gaz.pl\/index.php?rest_route=\/wp\/v2\/pages\/811\/revisions"}],"predecessor-version":[{"id":835,"href":"https:\/\/tlen-gaz.pl\/index.php?rest_route=\/wp\/v2\/pages\/811\/revisions\/835"}],"wp:attachment":[{"href":"https:\/\/tlen-gaz.pl\/index.php?rest_route=%2Fwp%2Fv2%2Fmedia&parent=811"}],"curies":[{"name":"wp","href":"https:\/\/api.w.org\/{rel}","templated":true}]}}