{"id":809,"date":"2025-05-15T09:30:03","date_gmt":"2025-05-15T09:30:03","guid":{"rendered":"https:\/\/tlen-gaz.pl\/?page_id=809"},"modified":"2025-05-15T09:30:03","modified_gmt":"2025-05-15T09:30:03","slug":"napelnianie-butli-sodawater-warszawa","status":"publish","type":"page","link":"https:\/\/tlen-gaz.pl\/?page_id=809","title":{"rendered":"Nape\u0142nianie butli SodaWater \u2013 Warszawa"},"content":{"rendered":"\n<p style=\"text-align: justify;\">Wsp\u00f3\u0142czesne potrzeby konsument\u00f3w w zakresie napoj\u00f3w gazowanych staj\u0105 si\u0119 coraz bardziej zr\u00f3\u017cnicowane. Jednym z popularniejszych trend\u00f3w jest korzystanie z butli gazowych do produkcji wody sodowej. Oferowane przez nas <strong>nape\u0142nianie butli SodaWater<\/strong> cieszy si\u0119 du\u017cym zainteresowaniem zar\u00f3wno w\u015br\u00f3d os\u00f3b prywatnych, jak i firm zajmuj\u0105cych si\u0119 gastronomi\u0105 czy produkcj\u0105 napoj\u00f3w. Dzi\u0119ki naszej ofercie, nasi klienci mog\u0105 cieszy\u0107 si\u0119 wysokiej jako\u015bci wod\u0105 sodow\u0105 dostosowan\u0105 do ich indywidualnych potrzeb.<\/p>\n<h2 style=\"text-align: left;\">Dbamy o bezpiecze\u0144stwo klient\u00f3w<\/h2>\n<p style=\"text-align: justify;\">Nasza firma oferuje <strong>profesjonalne nabijanie butli Soda Water<\/strong>, kt\u00f3re odbywa si\u0119 zgodnie z najwy\u017cszymi standardami jako\u015bci i bezpiecze\u0144stwa. Butle, kt\u00f3re dostarczamy do naszych klient\u00f3w, s\u0105 odpowiednio sprawdzane przed ka\u017cdym u\u017cyciem, a ca\u0142y proces nabijania gazem odbywa si\u0119 zgodnie z obowi\u0105zuj\u0105cymi normami. Dba\u0142o\u015b\u0107 o jako\u015b\u0107 gazu oraz precyzja procesu nabijania zapewniaj\u0105, \u017ce ka\u017cdy klient otrzymuje produkt najwy\u017cszej jako\u015bci, wolny od jakichkolwiek zanieczyszcze\u0144. Dzi\u0119ki temu woda sodowa, kt\u00f3ra trafia do butli, jest nie tylko smaczna, ale tak\u017ce bezpieczna do spo\u017cycia.<\/p>\n<h2 style=\"text-align: left;\">Nape\u0142nianie butli SodaWater to oszcz\u0119dno\u015b\u0107 czasu i pieni\u0119dzy<\/h2>\n<p style=\"text-align: justify;\">Korzystanie z naszej us\u0142ugi zapewnia r\u00f3wnie\u017c <strong>wygod\u0119 i oszcz\u0119dno\u015b\u0107 czasu<\/strong>. W przypadku, gdy woda sodowa jest regularnie wykorzystywana w du\u017cych ilo\u015bciach, na przyk\u0142ad w restauracjach, barach czy domach, codzienne nabijanie butli mo\u017ce sta\u0107 si\u0119 uci\u0105\u017cliwe i czasoch\u0142onne. Nasza firma oferuje <strong>szybki i sprawny proces nabijania butli<\/strong>, co pozwala zaoszcz\u0119dzi\u0107 czas i unikn\u0105\u0107 konieczno\u015bci samodzielnego przeprowadzania tej czynno\u015bci. Klienci mog\u0105 liczy\u0107 na terminow\u0105 realizacj\u0119 us\u0142ugi oraz dostaw\u0119 nabitych butli bezpo\u015brednio do ich miejsca, co zwi\u0119ksza komfort korzystania z naszej oferty.<\/p>\n<p style=\"text-align: justify;\">Dzi\u0119ki u\u017cywaniu wielokrotnego u\u017cytku butli do gazowania, eliminowane s\u0105 koszty zwi\u0105zane z zakupem plastikowych butelek. Brak potrzeby zakupu plastikowych opakowa\u0144 prowadzi do oszcz\u0119dno\u015bci w d\u0142u\u017cszym czasie. Przy regularnym korzystaniu z wody gazowanej, <a href=\"https:\/\/tlen-gaz.pl\/nape\u0142nianie-butli-sodawater-zielonka\">nape\u0142nianie butli SodaWater<\/a> pozwala na znaczne obni\u017cenie wydatk\u00f3w, szczeg\u00f3lnie w przypadku du\u017cego zu\u017cycia napoj\u00f3w gazowanych.<\/p>\n<h2 style=\"text-align: left;\">Dopasowujemy si\u0119 do potrzeb klient\u00f3w<\/h2>\n<p style=\"text-align: justify;\"><strong>Elastyczno\u015b\u0107<\/strong> naszej oferty stanowi kolejn\u0105 du\u017c\u0105 zalet\u0119. Us\u0142ug\u0119 nabijania butli Soda Water \u015bwiadczymy na r\u00f3\u017cnych poziomach, dostosowuj\u0105c si\u0119 do potrzeb naszych klient\u00f3w. Oferujemy r\u00f3\u017cne pojemno\u015bci butli, co pozwala na idealne dopasowanie do indywidualnych potrzeb \u2013 zar\u00f3wno dla gospodarstw domowych, jak i du\u017cych obiekt\u00f3w gastronomicznych. Ponadto, zapewniamy atrakcyjne warunki wsp\u00f3\u0142pracy dla sta\u0142ych klient\u00f3w, kt\u00f3rzy regularnie korzystaj\u0105 z naszych us\u0142ug. Dzi\u0119ki elastyczno\u015bci i szerokiemu wyborowi, nasi klienci maj\u0105 pewno\u015b\u0107, \u017ce nasza oferta b\u0119dzie idealnie dopasowana do ich wymaga\u0144.<\/p>\n","protected":false},"excerpt":{"rendered":"<p>Wsp\u00f3\u0142czesne potrzeby konsument\u00f3w w zakresie napoj\u00f3w gazowanych staj\u0105 si\u0119 coraz bardziej zr\u00f3\u017cnicowane. Jednym z popularniejszych trend\u00f3w jest korzystanie z butli gazowych do produkcji wody sodowej. Oferowane przez nas nape\u0142nianie butli SodaWater cieszy si\u0119 du\u017cym zainteresowaniem zar\u00f3wno w\u015br\u00f3d os\u00f3b prywatnych, jak i firm zajmuj\u0105cych si\u0119 gastronomi\u0105 czy produkcj\u0105 napoj\u00f3w. Dzi\u0119ki naszej ofercie, nasi klienci mog\u0105 cieszy\u0107&#8230;<\/p>\n","protected":false},"author":1,"featured_media":0,"parent":0,"menu_order":0,"comment_status":"closed","ping_status":"closed","template":"","meta":{"_mi_skip_tracking":false,"_kad_post_transparent":"","_kad_post_title":"","_kad_post_layout":"","_kad_post_sidebar_id":"","_kad_post_content_style":"","_kad_post_vertical_padding":"","_kad_post_feature":"","_kad_post_feature_position":"","_kad_post_header":false,"_kad_post_footer":false},"aioseo_notices":[],"_links":{"self":[{"href":"https:\/\/tlen-gaz.pl\/index.php?rest_route=\/wp\/v2\/pages\/809"}],"collection":[{"href":"https:\/\/tlen-gaz.pl\/index.php?rest_route=\/wp\/v2\/pages"}],"about":[{"href":"https:\/\/tlen-gaz.pl\/index.php?rest_route=\/wp\/v2\/types\/page"}],"author":[{"embeddable":true,"href":"https:\/\/tlen-gaz.pl\/index.php?rest_route=\/wp\/v2\/users\/1"}],"replies":[{"embeddable":true,"href":"https:\/\/tlen-gaz.pl\/index.php?rest_route=%2Fwp%2Fv2%2Fcomments&post=809"}],"version-history":[{"count":2,"href":"https:\/\/tlen-gaz.pl\/index.php?rest_route=\/wp\/v2\/pages\/809\/revisions"}],"predecessor-version":[{"id":834,"href":"https:\/\/tlen-gaz.pl\/index.php?rest_route=\/wp\/v2\/pages\/809\/revisions\/834"}],"wp:attachment":[{"href":"https:\/\/tlen-gaz.pl\/index.php?rest_route=%2Fwp%2Fv2%2Fmedia&parent=809"}],"curies":[{"name":"wp","href":"https:\/\/api.w.org\/{rel}","templated":true}]}}