{"id":805,"date":"2025-05-15T09:28:07","date_gmt":"2025-05-15T09:28:07","guid":{"rendered":"https:\/\/tlen-gaz.pl\/?page_id=805"},"modified":"2025-05-15T09:28:11","modified_gmt":"2025-05-15T09:28:11","slug":"napelnianie-butli-co2-wolomin","status":"publish","type":"page","link":"https:\/\/tlen-gaz.pl\/?page_id=805","title":{"rendered":"Nape\u0142nianie butli CO2 \u2013 Wo\u0142omin"},"content":{"rendered":"\n<p style=\"text-align: justify;\">Nasza firma specjalizuje si\u0119 w us\u0142ugach nape\u0142niania butli CO2, kt\u00f3re s\u0105 wykonywane zgodnie z najnowszymi standardami bran\u017cowymi. Dzi\u0119ki do\u015bwiadczeniu, nowoczesnemu wyposa\u017ceniu i wykwalifikowanej kadrze, jeste\u015bmy w stanie wykona\u0107 <strong>nape\u0142nianie butli CO2<\/strong>, kt\u00f3ra zaspokaja potrzeby zar\u00f3wno ma\u0142ych, jak i du\u017cych przedsi\u0119biorstw. Wybieraj\u0105c nasz\u0105 ofert\u0119, mo\u017cecie by\u0107 Pa\u0144stwo pewni, \u017ce butle CO2 zostan\u0105 nape\u0142nione w spos\u00f3b bezpieczny, szybki i profesjonalny.<\/p>\n<h2 style=\"text-align: left;\">Zapewniamy bezpieczne nape\u0142nianie butli CO2<\/h2>\n<p style=\"text-align: justify;\">Jednym z najwa\u017cniejszych atut\u00f3w naszej oferty jest dba\u0142o\u015b\u0107 o bezpiecze\u0144stwo. Butle CO2 to urz\u0105dzenia, kt\u00f3re wymagaj\u0105 szczeg\u00f3lnej uwagi podczas nape\u0142niania, poniewa\u017c nieprawid\u0142owo wykonany proces mo\u017ce prowadzi\u0107 do powa\u017cnych konsekwencji. Z tego wzgl\u0119du ka\u017cda butla, kt\u00f3ra trafia do naszego zak\u0142adu, przechodzi dok\u0142adn\u0105 kontrol\u0119 stanu technicznego, zanim rozpocznie si\u0119 proces nape\u0142niania. Ponadto przestrzegamy rygorystycznych procedur, kt\u00f3re zapewniaj\u0105 pe\u0142n\u0105 zgodno\u015b\u0107 z obowi\u0105zuj\u0105cymi normami bezpiecze\u0144stwa. Nasza firma posiada odpowiednie uprawnienia oraz certyfikaty, kt\u00f3re potwierdzaj\u0105, \u017ce wykonujemy us\u0142ug\u0119 nape\u0142niania butli CO2 zgodnie z najwy\u017cszymi standardami.<\/p>\n<h2 style=\"text-align: left;\">Terminowe realizowanie nape\u0142niania butli CO2<\/h2>\n<p style=\"text-align: justify;\">Czas realizacji zlece\u0144 jest dla nas priorytetem. Rozumiemy, jak istotne jest, aby nasze us\u0142ugi by\u0142y wykonywane terminowo i sprawnie, zw\u0142aszcza w bran\u017cach, w kt\u00f3rych gaz CO2 wykorzystywany jest w produkcji napoj\u00f3w gazowanych, piwa, czy w bran\u017cy gastronomicznej, dlatego te\u017c zapewniamy, \u017ce nasze us\u0142ugi <a href=\"https:\/\/tlen-gaz.pl\/nape\u0142nianie-butli-co2-zielonka\">nape\u0142niania butli CO2<\/a> s\u0105 realizowane mo\u017cliwie jak najszybciej, bez obni\u017cania jako\u015bci. Dzi\u0119ki temu nasi klienci mog\u0105 liczy\u0107 na minimalizowanie przestoj\u00f3w i zapewnienie ci\u0105g\u0142o\u015bci pracy.<\/p>\n<p style=\"text-align: justify;\">Nasza oferta jest tak\u017ce niezwykle elastyczna. Dzi\u0119ki szerokiemu wachlarzowi us\u0142ug, jeste\u015bmy w stanie dostosowa\u0107 nasz\u0105 ofert\u0119 do r\u00f3\u017cnych potrzeb \u2013 od ma\u0142ych przedsi\u0119biorstw po du\u017ce zak\u0142ady przemys\u0142owe. Niezale\u017cnie od tego, czy potrzebujecie Pa\u0144stwo nape\u0142nienia butli o ma\u0142ej pojemno\u015bci, czy du\u017cych zbiornik\u00f3w, jeste\u015bmy w stanie dostarczy\u0107 odpowiednie rozwi\u0105zania, kt\u00f3re sprostaj\u0105 Pa\u0144stwa wymaganiom.<\/p>\n<h2 style=\"text-align: left;\">Gwarantujemy doradztwo techniczne<\/h2>\n<p style=\"text-align: justify;\">Zapewniamy r\u00f3wnie\u017c pe\u0142ne wsparcie w zakresie obs\u0142ugi klienta. Nasi specjali\u015bci s\u0142u\u017c\u0105 pomoc\u0105 w przypadku wszelkich pyta\u0144 czy w\u0105tpliwo\u015bci zwi\u0105zanych z nape\u0142nianiem butli CO2. Jeste\u015bmy dost\u0119pni na ka\u017cdym etapie wsp\u00f3\u0142pracy, aby doradzi\u0107 i wyja\u015bni\u0107 wszelkie kwestie, kt\u00f3re mog\u0105 budzi\u0107 niepewno\u015b\u0107. D\u0105\u017cymy do tego, aby proces nape\u0142niania butli CO2 by\u0142 dla Pa\u0144stwa prosty i komfortowy.<\/p>\n","protected":false},"excerpt":{"rendered":"<p>Nasza firma specjalizuje si\u0119 w us\u0142ugach nape\u0142niania butli CO2, kt\u00f3re s\u0105 wykonywane zgodnie z najnowszymi standardami bran\u017cowymi. Dzi\u0119ki do\u015bwiadczeniu, nowoczesnemu wyposa\u017ceniu i wykwalifikowanej kadrze, jeste\u015bmy w stanie wykona\u0107 nape\u0142nianie butli CO2, kt\u00f3ra zaspokaja potrzeby zar\u00f3wno ma\u0142ych, jak i du\u017cych przedsi\u0119biorstw. Wybieraj\u0105c nasz\u0105 ofert\u0119, mo\u017cecie by\u0107 Pa\u0144stwo pewni, \u017ce butle CO2 zostan\u0105 nape\u0142nione w spos\u00f3b bezpieczny,&#8230;<\/p>\n","protected":false},"author":1,"featured_media":0,"parent":0,"menu_order":0,"comment_status":"closed","ping_status":"closed","template":"","meta":{"_mi_skip_tracking":false,"_kad_post_transparent":"","_kad_post_title":"","_kad_post_layout":"","_kad_post_sidebar_id":"","_kad_post_content_style":"","_kad_post_vertical_padding":"","_kad_post_feature":"","_kad_post_feature_position":"","_kad_post_header":false,"_kad_post_footer":false},"aioseo_notices":[],"_links":{"self":[{"href":"https:\/\/tlen-gaz.pl\/index.php?rest_route=\/wp\/v2\/pages\/805"}],"collection":[{"href":"https:\/\/tlen-gaz.pl\/index.php?rest_route=\/wp\/v2\/pages"}],"about":[{"href":"https:\/\/tlen-gaz.pl\/index.php?rest_route=\/wp\/v2\/types\/page"}],"author":[{"embeddable":true,"href":"https:\/\/tlen-gaz.pl\/index.php?rest_route=\/wp\/v2\/users\/1"}],"replies":[{"embeddable":true,"href":"https:\/\/tlen-gaz.pl\/index.php?rest_route=%2Fwp%2Fv2%2Fcomments&post=805"}],"version-history":[{"count":2,"href":"https:\/\/tlen-gaz.pl\/index.php?rest_route=\/wp\/v2\/pages\/805\/revisions"}],"predecessor-version":[{"id":832,"href":"https:\/\/tlen-gaz.pl\/index.php?rest_route=\/wp\/v2\/pages\/805\/revisions\/832"}],"wp:attachment":[{"href":"https:\/\/tlen-gaz.pl\/index.php?rest_route=%2Fwp%2Fv2%2Fmedia&parent=805"}],"curies":[{"name":"wp","href":"https:\/\/api.w.org\/{rel}","templated":true}]}}