{"id":801,"date":"2025-05-15T09:26:33","date_gmt":"2025-05-15T09:26:33","guid":{"rendered":"https:\/\/tlen-gaz.pl\/?page_id=801"},"modified":"2025-05-15T09:26:33","modified_gmt":"2025-05-15T09:26:33","slug":"napelnianie-butli-co2-radzymin","status":"publish","type":"page","link":"https:\/\/tlen-gaz.pl\/?page_id=801","title":{"rendered":"Nape\u0142nianie butli CO2 \u2013 Radzymin"},"content":{"rendered":"\n<p style=\"text-align: justify;\">Nasza firma oferuje kompleksowe us\u0142ugi nape\u0142niania butli CO2, kt\u00f3re wyr\u00f3\u017cniaj\u0105 si\u0119 na tle innych rozwi\u0105za\u0144 dost\u0119pnych na rynku. Zdajemy sobie spraw\u0119, jak istotne jest, aby proces ten przebiega\u0142 w spos\u00f3b bezpieczny, sprawny i zgodny z normami. Nasze do\u015bwiadczenie oraz zaawansowany sprz\u0119t pozwalaj\u0105 na \u015bwiadczenie us\u0142ug na najwy\u017cszym poziomie, co zadowala zar\u00f3wno klient\u00f3w indywidualnych, jak i przedsi\u0119biorstwa z r\u00f3\u017cnych bran\u017c. Dzi\u0119ki naszej ofercie mog\u0105 Pa\u0144stwo mie\u0107 pewno\u015b\u0107, \u017ce butle CO2 zostan\u0105 nape\u0142nione zgodnie z wymaganiami i normami, co pozwala unikn\u0105\u0107 niepo\u017c\u0105danych problem\u00f3w.<\/p>\n<h2 style=\"text-align: left;\">Stawiamy bezpiecze\u0144stwo na pierwszych miejscu<\/h2>\n<p style=\"text-align: justify;\">\u015awiadczone przez nas<strong> nape\u0142nianie butli CO2<\/strong> to us\u0142uga, kt\u00f3r\u0105 wykonujemy z pe\u0142nym poszanowaniem zasad bezpiecze\u0144stwa. Ka\u017cdy etap procesu, od odbioru butli po jej nape\u0142nianie, jest przeprowadzany z dba\u0142o\u015bci\u0105 o najdrobniejsze szczeg\u00f3\u0142y. Nasz zesp\u00f3\u0142 profesjonalist\u00f3w posiada odpowiednie kwalifikacje oraz do\u015bwiadczenie, kt\u00f3re pozwalaj\u0105 na realizacj\u0119 us\u0142ugi bez ryzyka. Ponadto, regularnie przeprowadzamy inspekcje techniczne naszych urz\u0105dze\u0144 oraz przestrzegamy obowi\u0105zuj\u0105cych przepis\u00f3w, co daje naszym klientom pewno\u015b\u0107, \u017ce korzystaj\u0105 z us\u0142ug \u015bwiadczonych w spos\u00f3b odpowiedzialny.<\/p>\n<h2 style=\"text-align: left;\">Terminowe nape\u0142nianie butli CO2<\/h2>\n<p style=\"text-align: justify;\">R\u00f3wnie\u017c czas realizacji zlece\u0144 jest dla nas bardzo wa\u017cny. Zdajemy sobie spraw\u0119, jak istotna jest ci\u0105g\u0142o\u015b\u0107 pracy naszych klient\u00f3w, zw\u0142aszcza w bran\u017cach, kt\u00f3re korzystaj\u0105 z gazu CO2 w codziennej dzia\u0142alno\u015bci. Dlatego te\u017c nasze us\u0142ugi nape\u0142niania butli CO2 s\u0105 wykonywane w mo\u017cliwie najkr\u00f3tszym czasie, przy zachowaniu najwy\u017cszej jako\u015bci. Dostosowujemy si\u0119 do indywidualnych potrzeb klient\u00f3w, zapewniaj\u0105c im terminowe i szybkie wykonanie us\u0142ugi, co jest szczeg\u00f3lnie wa\u017cne, gdy konieczne jest uzupe\u0142nienie gazu w butlach w pilnym trybie.<\/p>\n<h2 style=\"text-align: left;\">Nape\u0142nianie butli CO2 o r\u00f3\u017cnych pojemno\u015bciach<\/h2>\n<p style=\"text-align: justify;\">Co istotne, nasza oferta obejmuje <a href=\"https:\/\/tlen-gaz.pl\/nape\u0142nianie-butli-co2-warszawa\">nape\u0142nianie butli CO2<\/a> o r\u00f3\u017cnych pojemno\u015bciach. Dzi\u0119ki temu jeste\u015bmy w stanie sprosta\u0107 wymaganiom zar\u00f3wno ma\u0142ych, jak i du\u017cych przedsi\u0119biorstw, kt\u00f3re potrzebuj\u0105 gazu CO2 do r\u00f3\u017cnych cel\u00f3w. Nasza elastyczno\u015b\u0107 pozwala na dostosowanie oferty do specyficznych potrzeb ka\u017cdej bran\u017cy, w tym gastronomii, przemys\u0142u spo\u017cywczego, piwowarskiego oraz wielu innych.<\/p>\n<p style=\"text-align: justify;\">Nasza firma charakteryzuje si\u0119 tak\u017ce wysok\u0105 jako\u015bci\u0105 obs\u0142ugi klienta. Nasi specjali\u015bci s\u0105 zawsze gotowi, aby udzieli\u0107 wszelkich informacji oraz rozwia\u0107 wszelkie w\u0105tpliwo\u015bci zwi\u0105zane z nape\u0142nianiem butli CO2.<\/p>\n","protected":false},"excerpt":{"rendered":"<p>Nasza firma oferuje kompleksowe us\u0142ugi nape\u0142niania butli CO2, kt\u00f3re wyr\u00f3\u017cniaj\u0105 si\u0119 na tle innych rozwi\u0105za\u0144 dost\u0119pnych na rynku. Zdajemy sobie spraw\u0119, jak istotne jest, aby proces ten przebiega\u0142 w spos\u00f3b bezpieczny, sprawny i zgodny z normami. Nasze do\u015bwiadczenie oraz zaawansowany sprz\u0119t pozwalaj\u0105 na \u015bwiadczenie us\u0142ug na najwy\u017cszym poziomie, co zadowala zar\u00f3wno klient\u00f3w indywidualnych, jak i&#8230;<\/p>\n","protected":false},"author":1,"featured_media":0,"parent":0,"menu_order":0,"comment_status":"closed","ping_status":"closed","template":"","meta":{"_mi_skip_tracking":false,"_kad_post_transparent":"","_kad_post_title":"","_kad_post_layout":"","_kad_post_sidebar_id":"","_kad_post_content_style":"","_kad_post_vertical_padding":"","_kad_post_feature":"","_kad_post_feature_position":"","_kad_post_header":false,"_kad_post_footer":false},"aioseo_notices":[],"_links":{"self":[{"href":"https:\/\/tlen-gaz.pl\/index.php?rest_route=\/wp\/v2\/pages\/801"}],"collection":[{"href":"https:\/\/tlen-gaz.pl\/index.php?rest_route=\/wp\/v2\/pages"}],"about":[{"href":"https:\/\/tlen-gaz.pl\/index.php?rest_route=\/wp\/v2\/types\/page"}],"author":[{"embeddable":true,"href":"https:\/\/tlen-gaz.pl\/index.php?rest_route=\/wp\/v2\/users\/1"}],"replies":[{"embeddable":true,"href":"https:\/\/tlen-gaz.pl\/index.php?rest_route=%2Fwp%2Fv2%2Fcomments&post=801"}],"version-history":[{"count":2,"href":"https:\/\/tlen-gaz.pl\/index.php?rest_route=\/wp\/v2\/pages\/801\/revisions"}],"predecessor-version":[{"id":830,"href":"https:\/\/tlen-gaz.pl\/index.php?rest_route=\/wp\/v2\/pages\/801\/revisions\/830"}],"wp:attachment":[{"href":"https:\/\/tlen-gaz.pl\/index.php?rest_route=%2Fwp%2Fv2%2Fmedia&parent=801"}],"curies":[{"name":"wp","href":"https:\/\/api.w.org\/{rel}","templated":true}]}}