{"id":799,"date":"2025-05-15T09:25:25","date_gmt":"2025-05-15T09:25:25","guid":{"rendered":"https:\/\/tlen-gaz.pl\/?page_id=799"},"modified":"2025-05-15T09:25:28","modified_gmt":"2025-05-15T09:25:28","slug":"napelnianie-butli-co2-pruszkow","status":"publish","type":"page","link":"https:\/\/tlen-gaz.pl\/?page_id=799","title":{"rendered":"Nape\u0142nianie butli CO2 \u2013 Pruszk\u00f3w"},"content":{"rendered":"\n<p style=\"text-align: justify;\">Wyb\u00f3r odpowiedniego dostawcy us\u0142ug nape\u0142niania butli CO2 ma kluczowe znaczenie dla ka\u017cdej firmy i osoby, kt\u00f3ra potrzebuje gazu CO2 w swojej dzia\u0142alno\u015bci. Nasza oferta wyr\u00f3\u017cnia si\u0119 na tle konkurencji nie tylko dzi\u0119ki profesjonalizmowi, ale tak\u017ce dzi\u0119ki indywidualnemu podej\u015bciu do ka\u017cdego klienta. Jako firma, kt\u00f3ra stawia na jako\u015b\u0107 i bezpiecze\u0144stwo, oferujemy <strong>nape\u0142nianie butli CO2<\/strong> dopasowane do potrzeb r\u00f3\u017cnych bran\u017c i sektor\u00f3w.<\/p>\n<h2 style=\"text-align: left;\">Efektywne nape\u0142nianie butli CO2<\/h2>\n<p style=\"text-align: justify;\">Nasza firma posiada nowoczesny sprz\u0119t oraz do\u015bwiadczenie, kt\u00f3re pozwalaj\u0105 na nape\u0142nianie butli CO2 w spos\u00f3b szybki, efektywny i bezpieczny. Butle CO2, kt\u00f3re nape\u0142niamy, s\u0105 zawsze sprawdzane pod k\u0105tem ich stanu technicznego przed rozpocz\u0119ciem procesu. Dzi\u0119ki temu mo\u017cemy zapewni\u0107, \u017ce ka\u017cda butla, kt\u00f3ra trafia do naszego zak\u0142adu, jest gotowa do dalszego u\u017cytkowania bez ryzyka awarii.<\/p>\n<p style=\"text-align: justify;\">Oferowane przez nas <a href=\"https:\/\/tlen-gaz.pl\/nape\u0142nianie-butli-co2-radzymin\">nape\u0142nianie butli CO2<\/a> to proces, kt\u00f3ry musi by\u0107 przeprowadzony zgodnie z \u015bci\u015ble okre\u015blonymi normami, aby unikn\u0105\u0107 zagro\u017ce\u0144 zwi\u0105zanych z niew\u0142a\u015bciwym u\u017cytkowaniem gazu. Z tego powodu, nasze procedury s\u0105 zgodne z najnowszymi standardami i regulacjami dotycz\u0105cymi bezpiecze\u0144stwa. Nasze butle s\u0105 nape\u0142niane w kontrolowanych warunkach, co zapewnia maksymaln\u0105 ochron\u0119 zar\u00f3wno dla pracownik\u00f3w, jak i dla u\u017cytkownik\u00f3w gazu CO2.<\/p>\n","protected":false},"excerpt":{"rendered":"<p>Wyb\u00f3r odpowiedniego dostawcy us\u0142ug nape\u0142niania butli CO2 ma kluczowe znaczenie dla ka\u017cdej firmy i osoby, kt\u00f3ra potrzebuje gazu CO2 w swojej dzia\u0142alno\u015bci. Nasza oferta wyr\u00f3\u017cnia si\u0119 na tle konkurencji nie tylko dzi\u0119ki profesjonalizmowi, ale tak\u017ce dzi\u0119ki indywidualnemu podej\u015bciu do ka\u017cdego klienta. Jako firma, kt\u00f3ra stawia na jako\u015b\u0107 i bezpiecze\u0144stwo, oferujemy nape\u0142nianie butli CO2 dopasowane do&#8230;<\/p>\n","protected":false},"author":1,"featured_media":0,"parent":0,"menu_order":0,"comment_status":"closed","ping_status":"closed","template":"","meta":{"_mi_skip_tracking":false,"_kad_post_transparent":"","_kad_post_title":"","_kad_post_layout":"","_kad_post_sidebar_id":"","_kad_post_content_style":"","_kad_post_vertical_padding":"","_kad_post_feature":"","_kad_post_feature_position":"","_kad_post_header":false,"_kad_post_footer":false},"aioseo_notices":[],"_links":{"self":[{"href":"https:\/\/tlen-gaz.pl\/index.php?rest_route=\/wp\/v2\/pages\/799"}],"collection":[{"href":"https:\/\/tlen-gaz.pl\/index.php?rest_route=\/wp\/v2\/pages"}],"about":[{"href":"https:\/\/tlen-gaz.pl\/index.php?rest_route=\/wp\/v2\/types\/page"}],"author":[{"embeddable":true,"href":"https:\/\/tlen-gaz.pl\/index.php?rest_route=\/wp\/v2\/users\/1"}],"replies":[{"embeddable":true,"href":"https:\/\/tlen-gaz.pl\/index.php?rest_route=%2Fwp%2Fv2%2Fcomments&post=799"}],"version-history":[{"count":2,"href":"https:\/\/tlen-gaz.pl\/index.php?rest_route=\/wp\/v2\/pages\/799\/revisions"}],"predecessor-version":[{"id":829,"href":"https:\/\/tlen-gaz.pl\/index.php?rest_route=\/wp\/v2\/pages\/799\/revisions\/829"}],"wp:attachment":[{"href":"https:\/\/tlen-gaz.pl\/index.php?rest_route=%2Fwp%2Fv2%2Fmedia&parent=799"}],"curies":[{"name":"wp","href":"https:\/\/api.w.org\/{rel}","templated":true}]}}