{"id":797,"date":"2025-05-15T09:24:34","date_gmt":"2025-05-15T09:24:34","guid":{"rendered":"https:\/\/tlen-gaz.pl\/?page_id=797"},"modified":"2025-05-15T09:24:39","modified_gmt":"2025-05-15T09:24:39","slug":"napelnianie-butli-co2-marki","status":"publish","type":"page","link":"https:\/\/tlen-gaz.pl\/?page_id=797","title":{"rendered":"Nape\u0142nianie butli CO2 \u2013 Marki"},"content":{"rendered":"\n<p style=\"text-align: justify;\">Profesjonalne <strong>nape\u0142nianie butli CO2<\/strong> jest us\u0142ug\u0105, kt\u00f3ra wymaga odpowiednich kompetencji, sprz\u0119tu oraz przestrzegania rygorystycznych norm bezpiecze\u0144stwa. Wybieraj\u0105c nasz\u0105 ofert\u0119, mo\u017cecie Pa\u0144stwo mie\u0107 pewno\u015b\u0107, \u017ce skorzystacie z us\u0142ug profesjonalist\u00f3w, kt\u00f3rzy dbaj\u0105 o ka\u017cdy szczeg\u00f3\u0142 tego procesu. Dzi\u0119ki wieloletniemu do\u015bwiadczeniu w bran\u017cy, a tak\u017ce nowoczesnemu zapleczu technicznemu, nasza firma gwarantuje kompleksowe podej\u015bcie do nape\u0142niania butli CO2.<\/p>\n<p style=\"text-align: justify;\">Nasza oferta nape\u0142niania butli CO2 jest skierowana zar\u00f3wno do klient\u00f3w indywidualnych, jak i firm. Wsp\u00f3\u0142pracujemy z przedsi\u0119biorstwami z r\u00f3\u017cnych bran\u017c, w tym gastronomii, przemys\u0142u spo\u017cywczego, piwowarskiego oraz innych sektor\u00f3w, w kt\u00f3rych wykorzystuje si\u0119 gaz CO2. Dzi\u0119ki szerokiemu zakresowi us\u0142ug jeste\u015bmy w stanie dopasowa\u0107 ofert\u0119 do r\u00f3\u017cnorodnych potrzeb, oferuj\u0105c nape\u0142nianie butli CO2 w r\u00f3\u017cnych pojemno\u015bciach, zar\u00f3wno dla ma\u0142ych, jak i du\u017cych odbiorc\u00f3w.<\/p>\n<h2 style=\"text-align: left;\">Dlaczego warto nam zleci\u0107 nape\u0142niania butli CO2?<\/h2>\n<p style=\"text-align: justify;\">Jednym z kluczowych element\u00f3w naszej oferty jest bezpiecze\u0144stwo. Butle CO2 s\u0105 urz\u0105dzeniami, kt\u00f3re wymagaj\u0105 szczeg\u00f3lnej uwagi podczas nape\u0142niania, aby unikn\u0105\u0107 ryzyka awarii czy wypadk\u00f3w. Z tego powodu ka\u017cda butla, kt\u00f3ra trafia do naszego zak\u0142adu, jest dok\u0142adnie sprawdzana pod k\u0105tem stanu technicznego, zanim przyst\u0105pimy do jej nape\u0142niania. Dzi\u0119ki temu mamy pewno\u015b\u0107, \u017ce proces odbywa si\u0119 w pe\u0142ni bezpiecznie i zgodnie z normami.<\/p>\n<p style=\"text-align: justify;\">R\u00f3wnie\u017c czas realizacji jest dla nas bardzo wa\u017cny. Wsp\u00f3\u0142czesny rynek wymaga elastyczno\u015bci, dlatego nasi klienci mog\u0105 liczy\u0107 na szybkie nape\u0142nianie butli CO2, kt\u00f3re nie wp\u0142ynie na ci\u0105g\u0142o\u015b\u0107 ich dzia\u0142alno\u015bci. W zale\u017cno\u015bci od indywidualnych potrzeb, jeste\u015bmy w stanie przeprowadzi\u0107 us\u0142ug\u0119 w mo\u017cliwie najkr\u00f3tszym czasie, zachowuj\u0105c jednocze\u015bnie najwy\u017csz\u0105 jako\u015b\u0107 i bezpiecze\u0144stwo.<\/p>\n<h2 style=\"text-align: left;\">Oferujemy atrakcyjne ceny nape\u0142niania butli CO2<\/h2>\n<p style=\"text-align: justify;\">Warto r\u00f3wnie\u017c podkre\u015bli\u0107, \u017ce nasza firma dzia\u0142a transparentnie, a ceny za <a href=\"https:\/\/tlen-gaz.pl\/nape\u0142nianie-butli-co2-pruszkow\">nape\u0142nianie butli CO2<\/a> s\u0105 konkurencyjne i dostosowane do rynku. Dzi\u0119ki temu nasi klienci mog\u0105 liczy\u0107 na pe\u0142n\u0105 przejrzysto\u015b\u0107 koszt\u00f3w oraz uczciwe warunki wsp\u00f3\u0142pracy. Regularnie analizujemy ceny na rynku, aby nasza oferta by\u0142a atrakcyjna i dost\u0119pna dla szerokiego kr\u0119gu odbiorc\u00f3w.<\/p>\n","protected":false},"excerpt":{"rendered":"<p>Profesjonalne nape\u0142nianie butli CO2 jest us\u0142ug\u0105, kt\u00f3ra wymaga odpowiednich kompetencji, sprz\u0119tu oraz przestrzegania rygorystycznych norm bezpiecze\u0144stwa. Wybieraj\u0105c nasz\u0105 ofert\u0119, mo\u017cecie Pa\u0144stwo mie\u0107 pewno\u015b\u0107, \u017ce skorzystacie z us\u0142ug profesjonalist\u00f3w, kt\u00f3rzy dbaj\u0105 o ka\u017cdy szczeg\u00f3\u0142 tego procesu. Dzi\u0119ki wieloletniemu do\u015bwiadczeniu w bran\u017cy, a tak\u017ce nowoczesnemu zapleczu technicznemu, nasza firma gwarantuje kompleksowe podej\u015bcie do nape\u0142niania butli CO2. Nasza&#8230;<\/p>\n","protected":false},"author":1,"featured_media":0,"parent":0,"menu_order":0,"comment_status":"closed","ping_status":"closed","template":"","meta":{"_mi_skip_tracking":false,"_kad_post_transparent":"","_kad_post_title":"","_kad_post_layout":"","_kad_post_sidebar_id":"","_kad_post_content_style":"","_kad_post_vertical_padding":"","_kad_post_feature":"","_kad_post_feature_position":"","_kad_post_header":false,"_kad_post_footer":false},"aioseo_notices":[],"_links":{"self":[{"href":"https:\/\/tlen-gaz.pl\/index.php?rest_route=\/wp\/v2\/pages\/797"}],"collection":[{"href":"https:\/\/tlen-gaz.pl\/index.php?rest_route=\/wp\/v2\/pages"}],"about":[{"href":"https:\/\/tlen-gaz.pl\/index.php?rest_route=\/wp\/v2\/types\/page"}],"author":[{"embeddable":true,"href":"https:\/\/tlen-gaz.pl\/index.php?rest_route=\/wp\/v2\/users\/1"}],"replies":[{"embeddable":true,"href":"https:\/\/tlen-gaz.pl\/index.php?rest_route=%2Fwp%2Fv2%2Fcomments&post=797"}],"version-history":[{"count":2,"href":"https:\/\/tlen-gaz.pl\/index.php?rest_route=\/wp\/v2\/pages\/797\/revisions"}],"predecessor-version":[{"id":828,"href":"https:\/\/tlen-gaz.pl\/index.php?rest_route=\/wp\/v2\/pages\/797\/revisions\/828"}],"wp:attachment":[{"href":"https:\/\/tlen-gaz.pl\/index.php?rest_route=%2Fwp%2Fv2%2Fmedia&parent=797"}],"curies":[{"name":"wp","href":"https:\/\/api.w.org\/{rel}","templated":true}]}}