{"id":795,"date":"2025-05-15T09:23:52","date_gmt":"2025-05-15T09:23:52","guid":{"rendered":"https:\/\/tlen-gaz.pl\/?page_id=795"},"modified":"2025-05-15T09:23:53","modified_gmt":"2025-05-15T09:23:53","slug":"napelnianie-butli-co2-kobylka","status":"publish","type":"page","link":"https:\/\/tlen-gaz.pl\/?page_id=795","title":{"rendered":"Nape\u0142nianie butli CO2 \u2013 Koby\u0142ka"},"content":{"rendered":"\n<p style=\"text-align: justify;\">Oferujemy <strong>nape\u0142nianie butli CO2 <\/strong>zapewniaj\u0105c przy tym najwy\u017csz\u0105 jako\u015b\u0107 \u015bwiadczonych us\u0142ug. Nasze do\u015bwiadczenie oraz podej\u015bcie do ka\u017cdego zlecenia sprawiaj\u0105, \u017ce proces nape\u0142niania butli CO2 przebiega sprawnie, bezpiecznie i w spos\u00f3b efektywny, a nasza oferta zosta\u0142a przygotowana z my\u015bl\u0105 o osobach oraz firmach, kt\u00f3re szukaj\u0105 profesjonalnego wsparcia w zakresie uzupe\u0142niania gazu w butlach CO2, czy to do cel\u00f3w przemys\u0142owych, gastronomicznych, czy te\u017c do zastosowa\u0144 w zakresie piwa i napoj\u00f3w gazowanych.<\/p>\n<h2 style=\"text-align: left;\">Gwarantujemy bezpiecze\u0144stwo nabijania butli CO2<\/h2>\n<p style=\"text-align: justify;\">Pierwszym aspektem, kt\u00f3ry wyr\u00f3\u017cnia nasz\u0105 ofert\u0119, jest bezpiecze\u0144stwo. Wszystkie procedury nape\u0142niania butli CO2 s\u0105 przeprowadzane zgodnie z obowi\u0105zuj\u0105cymi normami bezpiecze\u0144stwa. Nasza firma zapewnia odpowiednie szkolenia dla pracownik\u00f3w, a tak\u017ce dba o regularne przegl\u0105dy techniczne sprz\u0119tu. Butle CO2, kt\u00f3re nape\u0142niamy, s\u0105 starannie sprawdzane pod k\u0105tem ich stanu technicznego przed i po nape\u0142nieniu, co pozwala unikn\u0105\u0107 jakichkolwiek awarii czy niepo\u017c\u0105danych incydent\u00f3w. Dzi\u0119ki temu nasi klienci mog\u0105 by\u0107 pewni, \u017ce korzystaj\u0105 z us\u0142ug na najwy\u017cszym poziomie.<\/p>\n<h2 style=\"text-align: justify;\">Elastyczne podej\u015bcie do klienta<\/h2>\n<p style=\"text-align: justify;\">Kolejnym powodem, dla kt\u00f3rego warto skorzysta\u0107 z naszej oferty, jest nasza elastyczno\u015b\u0107 i dostosowanie do potrzeb klient\u00f3w. Oferujemy <a href=\"https:\/\/tlen-gaz.pl\/nape\u0142nianie-butli-co2-marki\">nape\u0142nianie butli CO2<\/a> w r\u00f3\u017cnych pojemno\u015bciach, co sprawia, \u017ce nasza oferta jest idealna zar\u00f3wno dla ma\u0142ych firm, jak i du\u017cych przedsi\u0119biorstw. Ka\u017cde zlecenie traktujemy indywidualnie, co pozwala nam na dobranie optymalnych rozwi\u0105za\u0144. Bez wzgl\u0119du na to, czy potrzebujecie Pa\u0144stwo nape\u0142nienia butli w ma\u0142ej gastronomii, czy w zak\u0142adzie przemys\u0142owym, jeste\u015bmy w stanie dostarczy\u0107 odpowiednie wsparcie i us\u0142ugi dostosowane do Pa\u0144stwa wymaga\u0144.<\/p>\n<h2 style=\"text-align: justify;\">Konkurencyjne ceny nape\u0142niania butli CO2<\/h2>\n<p style=\"text-align: justify;\">Nape\u0142nianie butli CO2, kt\u00f3re oferujemy, cechuje si\u0119 tak\u017ce atrakcyjnymi cenami. Nasza firma regularnie przeprowadza analizy rynku, aby upewni\u0107 si\u0119, \u017ce nasze us\u0142ugi s\u0105 dost\u0119pne w konkurencyjnych cenach. Zdajemy sobie spraw\u0119, \u017ce koszt nape\u0142niania butli CO2 jest istotnym czynnikiem dla naszych klient\u00f3w, dlatego staramy si\u0119 utrzyma\u0107 ceny na rozs\u0105dnym poziomie, jednocze\u015bnie nie rezygnuj\u0105c z jako\u015bci oferowanej us\u0142ugi. Dzi\u0119ki temu nasi klienci otrzymuj\u0105 pe\u0142n\u0105 warto\u015b\u0107 za wydane \u015brodki, a my mo\u017cemy cieszy\u0107 si\u0119 ich lojalno\u015bci\u0105 oraz pozytywnymi opiniami.<\/p>\n<h2 style=\"text-align: justify;\">Dbamy o terminowo\u015b\u0107 zlece\u0144<\/h2>\n<p style=\"text-align: justify;\">Nie bez znaczenia jest r\u00f3wnie\u017c czas realizacji zlece\u0144. Nape\u0142nianie butli CO2, kt\u00f3re przeprowadzamy, odbywa si\u0119 w spos\u00f3b szybki i profesjonalny. Dbamy o to, aby proces ten przebiega\u0142 sprawnie, co pozwala naszym klientom na minimalizowanie przestoj\u00f3w w ich dzia\u0142alno\u015bci. W zale\u017cno\u015bci od potrzeb, jeste\u015bmy w stanie zrealizowa\u0107 zlecenia w kr\u00f3tkim czasie, nawet w trybie pilnym, co w szczeg\u00f3lno\u015bci ma znaczenie w bran\u017cach, kt\u00f3re wymagaj\u0105 ci\u0105g\u0142ego dost\u0119pu do gazu CO2, jak na przyk\u0142ad przemys\u0142 spo\u017cywczy czy gastronomia.<\/p>\n","protected":false},"excerpt":{"rendered":"<p>Oferujemy nape\u0142nianie butli CO2 zapewniaj\u0105c przy tym najwy\u017csz\u0105 jako\u015b\u0107 \u015bwiadczonych us\u0142ug. Nasze do\u015bwiadczenie oraz podej\u015bcie do ka\u017cdego zlecenia sprawiaj\u0105, \u017ce proces nape\u0142niania butli CO2 przebiega sprawnie, bezpiecznie i w spos\u00f3b efektywny, a nasza oferta zosta\u0142a przygotowana z my\u015bl\u0105 o osobach oraz firmach, kt\u00f3re szukaj\u0105 profesjonalnego wsparcia w zakresie uzupe\u0142niania gazu w butlach CO2, czy to&#8230;<\/p>\n","protected":false},"author":1,"featured_media":0,"parent":0,"menu_order":0,"comment_status":"closed","ping_status":"closed","template":"","meta":{"_mi_skip_tracking":false,"_kad_post_transparent":"","_kad_post_title":"","_kad_post_layout":"","_kad_post_sidebar_id":"","_kad_post_content_style":"","_kad_post_vertical_padding":"","_kad_post_feature":"","_kad_post_feature_position":"","_kad_post_header":false,"_kad_post_footer":false},"aioseo_notices":[],"_links":{"self":[{"href":"https:\/\/tlen-gaz.pl\/index.php?rest_route=\/wp\/v2\/pages\/795"}],"collection":[{"href":"https:\/\/tlen-gaz.pl\/index.php?rest_route=\/wp\/v2\/pages"}],"about":[{"href":"https:\/\/tlen-gaz.pl\/index.php?rest_route=\/wp\/v2\/types\/page"}],"author":[{"embeddable":true,"href":"https:\/\/tlen-gaz.pl\/index.php?rest_route=\/wp\/v2\/users\/1"}],"replies":[{"embeddable":true,"href":"https:\/\/tlen-gaz.pl\/index.php?rest_route=%2Fwp%2Fv2%2Fcomments&post=795"}],"version-history":[{"count":2,"href":"https:\/\/tlen-gaz.pl\/index.php?rest_route=\/wp\/v2\/pages\/795\/revisions"}],"predecessor-version":[{"id":827,"href":"https:\/\/tlen-gaz.pl\/index.php?rest_route=\/wp\/v2\/pages\/795\/revisions\/827"}],"wp:attachment":[{"href":"https:\/\/tlen-gaz.pl\/index.php?rest_route=%2Fwp%2Fv2%2Fmedia&parent=795"}],"curies":[{"name":"wp","href":"https:\/\/api.w.org\/{rel}","templated":true}]}}