{"id":793,"date":"2025-05-15T09:21:41","date_gmt":"2025-05-15T09:21:41","guid":{"rendered":"https:\/\/tlen-gaz.pl\/?page_id=793"},"modified":"2025-05-15T09:21:44","modified_gmt":"2025-05-15T09:21:44","slug":"dowoz-butli-gazowych-warszawa","status":"publish","type":"page","link":"https:\/\/tlen-gaz.pl\/?page_id=793","title":{"rendered":"Dow\u00f3z butli gazowych \u2013 Warszawa"},"content":{"rendered":"\n<p style=\"text-align: justify;\">Nasza firma oferuje szybki, wygodny i profesjonalny <strong>dow\u00f3z butli gazowych<\/strong>, co sprawia, \u017ce korzystanie z tej us\u0142ugi staje si\u0119 nie tylko wygodne, ale tak\u017ce ekonomiczne i bezpieczne. <strong>Nasi Klienci nie musz\u0105 ju\u017c traci\u0107 <\/strong>cennego czasu na szukanie najbli\u017cszego punktu sprzeda\u017cy butli gazowych, czeka\u0107 w kolejkach, czy martwi\u0107 si\u0119 o transport ci\u0119\u017ckich butli do domu. Dzi\u0119ki naszej us\u0142udze dowozu butli gazowych, zam\u00f3wienie gazu jest szybkie i wygodne \u2013 wystarczy kilka klikni\u0119\u0107, aby w prosty spos\u00f3b zam\u00f3wi\u0107 butl\u0119, a my dostarczymy j\u0105 bezpo\u015brednio pod drzwi Klienta.<\/p>\n<h2 style=\"text-align: left;\">Bezpiecze\u0144stwo dowozu butli gazowych<\/h2>\n<p style=\"text-align: justify;\">Bezpiecze\u0144stwo u\u017cytkowania gazu jest dla nas priorytetem. Ka\u017cda butla gazowa dostarczana przez nasz\u0105 firm\u0119 jest dok\u0142adnie sprawdzana pod k\u0105tem szczelno\u015bci i stanu technicznego. Dbamy o to, by butle by\u0142y odpowiednio przechowywane i transportowane w spos\u00f3b zapewniaj\u0105cy pe\u0142ne bezpiecze\u0144stwo. W razie jakichkolwiek w\u0105tpliwo\u015bci, nasz zesp\u00f3\u0142 ekspert\u00f3w s\u0142u\u017cy pomoc\u0105 i doradztwem, zapewniaj\u0105c pe\u0142ne wsparcie na ka\u017cdym etapie zam\u00f3wienia. Wsp\u00f3\u0142pracuj\u0105c z nami, nasi Klienci maja pewno\u015b\u0107, \u017ce korzystaj\u0105 z profesjonalnych us\u0142ug w zakresie dostaw gazu.<\/p>\n<h2 style=\"text-align: left;\"><strong>Szybka i niezawodna dostawa pod drzwi<\/strong><\/h2>\n<p style=\"text-align: justify;\">Zdajemy sobie spraw\u0119, \u017ce czasami gaz jest niezb\u0119dny natychmiast, dlatego nasza us\u0142uga dowozu jest nie tylko wygodna, ale tak\u017ce szybka. Zale\u017cnie od lokalizacji, jeste\u015bmy w stanie dostarczy\u0107 butl\u0119 gazow\u0105 nawet w ci\u0105gu kilku godzin od z\u0142o\u017cenia zam\u00f3wienia. Wszystko to, co oferujemy, nie by\u0142oby mo\u017cliwe bez naszego zaanga\u017cowanego zespo\u0142u obs\u0142ugi klienta. Nasi pracownicy to profesjonalni doradcy, kt\u00f3rzy s\u0142u\u017c\u0105 pomoc\u0105 w ka\u017cdej sytuacji, zar\u00f3wno przed dokonaniem zakupu, jak i po dostawie. Nasza oferta jest kompleksowa, poniewa\u017c oferujemy tak\u017ce <a href=\"https:\/\/tlen-gaz.pl\/nape\u0142nianie-butli-co2-koby\u0142ka\">nape\u0142nianie butli CO2<\/a>.<\/p>\n","protected":false},"excerpt":{"rendered":"<p>Nasza firma oferuje szybki, wygodny i profesjonalny dow\u00f3z butli gazowych, co sprawia, \u017ce korzystanie z tej us\u0142ugi staje si\u0119 nie tylko wygodne, ale tak\u017ce ekonomiczne i bezpieczne. Nasi Klienci nie musz\u0105 ju\u017c traci\u0107 cennego czasu na szukanie najbli\u017cszego punktu sprzeda\u017cy butli gazowych, czeka\u0107 w kolejkach, czy martwi\u0107 si\u0119 o transport ci\u0119\u017ckich butli do domu. Dzi\u0119ki&#8230;<\/p>\n","protected":false},"author":1,"featured_media":0,"parent":0,"menu_order":0,"comment_status":"closed","ping_status":"closed","template":"","meta":{"_mi_skip_tracking":false,"_kad_post_transparent":"","_kad_post_title":"","_kad_post_layout":"","_kad_post_sidebar_id":"","_kad_post_content_style":"","_kad_post_vertical_padding":"","_kad_post_feature":"","_kad_post_feature_position":"","_kad_post_header":false,"_kad_post_footer":false},"aioseo_notices":[],"_links":{"self":[{"href":"https:\/\/tlen-gaz.pl\/index.php?rest_route=\/wp\/v2\/pages\/793"}],"collection":[{"href":"https:\/\/tlen-gaz.pl\/index.php?rest_route=\/wp\/v2\/pages"}],"about":[{"href":"https:\/\/tlen-gaz.pl\/index.php?rest_route=\/wp\/v2\/types\/page"}],"author":[{"embeddable":true,"href":"https:\/\/tlen-gaz.pl\/index.php?rest_route=\/wp\/v2\/users\/1"}],"replies":[{"embeddable":true,"href":"https:\/\/tlen-gaz.pl\/index.php?rest_route=%2Fwp%2Fv2%2Fcomments&post=793"}],"version-history":[{"count":2,"href":"https:\/\/tlen-gaz.pl\/index.php?rest_route=\/wp\/v2\/pages\/793\/revisions"}],"predecessor-version":[{"id":826,"href":"https:\/\/tlen-gaz.pl\/index.php?rest_route=\/wp\/v2\/pages\/793\/revisions\/826"}],"wp:attachment":[{"href":"https:\/\/tlen-gaz.pl\/index.php?rest_route=%2Fwp%2Fv2%2Fmedia&parent=793"}],"curies":[{"name":"wp","href":"https:\/\/api.w.org\/{rel}","templated":true}]}}