{"id":785,"date":"2025-05-15T09:17:47","date_gmt":"2025-05-15T09:17:47","guid":{"rendered":"https:\/\/tlen-gaz.pl\/?page_id=785"},"modified":"2025-05-15T09:17:47","modified_gmt":"2025-05-15T09:17:47","slug":"gazy-techniczne-pruszkow","status":"publish","type":"page","link":"https:\/\/tlen-gaz.pl\/?page_id=785","title":{"rendered":"Gazy techniczne \u2013 Pruszk\u00f3w"},"content":{"rendered":"\n<p style=\"text-align: justify;\">Wyb\u00f3r odpowiednich gaz\u00f3w technicznych ma ogromne znaczenie dla wydajno\u015bci i bezpiecze\u0144stwa proces\u00f3w przemys\u0142owych. Nasza firma oferuje szerok\u0105 gam\u0119 gaz\u00f3w, kt\u00f3re spe\u0142niaj\u0105 najwy\u017csze standardy jako\u015bci i bezpiecze\u0144stwa. Dzi\u0119ki naszemu do\u015bwiadczeniu i wiedzy, mo\u017cemy zapewni\u0107 Pa\u0144stwu kompleksowe rozwi\u0105zania gazowe i <strong>gazy techniczne<\/strong>, kt\u00f3re odpowiadaj\u0105 na indywidualne potrzeby ka\u017cdego klienta. Naszym celem jest nie tylko dostarczenie gaz\u00f3w, ale tak\u017ce wsparcie w optymalizacji proces\u00f3w produkcyjnych i zapewnienie pe\u0142nej satysfakcji z naszej wsp\u00f3\u0142pracy.<\/p>\n<h2 style=\"text-align: left;\">Starannie wyselekcjonowane gazy techniczne<\/h2>\n<p style=\"text-align: justify;\">Jako firma, kt\u00f3ra od lat dzia\u0142a w bran\u017cy gaz\u00f3w technicznych, doskonale rozumiemy, jak wa\u017cna jest niezawodno\u015b\u0107, terminowo\u015b\u0107 i jako\u015b\u0107 dostarczanych produkt\u00f3w. Nasze <a href=\"https:\/\/tlen-gaz.pl\/gazy-techniczne-marki\">gazy techniczne<\/a> s\u0105 starannie selekcjonowane i produkowane zgodnie z mi\u0119dzynarodowymi normami, co zapewnia ich wysok\u0105 czysto\u015b\u0107 oraz stabilno\u015b\u0107 w trakcie u\u017cytkowania. Dzi\u0119ki naszym produktom, mo\u017cliwe jest przeprowadzanie skomplikowanych proces\u00f3w technologicznych w spos\u00f3b efektywny i bezpieczny.<\/p>\n<p style=\"text-align: justify;\">Oferujemy pe\u0142n\u0105 gam\u0119 gaz\u00f3w technicznych, kt\u00f3re s\u0105 odpowiedzi\u0105 na zr\u00f3\u017cnicowane potrzeby przemys\u0142owe. Nasi specjali\u015bci z przyjemno\u015bci\u0105 doradz\u0105 Pa\u0144stwu, jakie gazy b\u0119d\u0105 najlepiej pasowa\u0107 do konkretnego procesu, zapewniaj\u0105c optymalizacj\u0119 wynik\u00f3w i efektywno\u015bci produkcji.<\/p>\n<h2 style=\"text-align: left;\">Dbamy o terminowo\u015b\u0107 dostaw<\/h2>\n<p style=\"text-align: justify;\">Wsp\u00f3\u0142praca z nasz\u0105 firm\u0105 to tak\u017ce gwarancja terminowych dostaw, kt\u00f3re s\u0105 kluczowe dla utrzymania ci\u0105g\u0142o\u015bci Pa\u0144stwa produkcji. Dzi\u0119ki wsp\u00f3\u0142pracy z renomowanymi firmami transportowymi, zapewniamy szybkie i niezawodne dostawy gaz\u00f3w technicznych pod wskazany adres. Dzi\u0119ki naszej terminowo\u015bci, Pa\u0144stwa produkcja b\u0119dzie przebiega\u0107 bez zak\u0142\u00f3ce\u0144, a czas przestoj\u00f3w zwi\u0105zanych z brakiem odpowiednich materia\u0142\u00f3w b\u0119dzie zminimalizowany.<\/p>\n<p style=\"text-align: justify;\">Serdecznie zach\u0119camy do skorzystania z naszej oferty gaz\u00f3w technicznych. Dzi\u0119ki naszemu do\u015bwiadczeniu, profesjonalizmowi oraz pe\u0142nemu wsparciu na ka\u017cdym etapie wsp\u00f3\u0142pracy, jeste\u015bmy w stanie zaoferowa\u0107 Pa\u0144stwu produkty i rozwi\u0105zania, kt\u00f3re b\u0119d\u0105 najlepsze dla Pa\u0144stwa firmy. Z nami ka\u017cdy proces produkcyjny stanie si\u0119 bardziej efektywny i bezpieczny.<\/p>\n","protected":false},"excerpt":{"rendered":"<p>Wyb\u00f3r odpowiednich gaz\u00f3w technicznych ma ogromne znaczenie dla wydajno\u015bci i bezpiecze\u0144stwa proces\u00f3w przemys\u0142owych. Nasza firma oferuje szerok\u0105 gam\u0119 gaz\u00f3w, kt\u00f3re spe\u0142niaj\u0105 najwy\u017csze standardy jako\u015bci i bezpiecze\u0144stwa. Dzi\u0119ki naszemu do\u015bwiadczeniu i wiedzy, mo\u017cemy zapewni\u0107 Pa\u0144stwu kompleksowe rozwi\u0105zania gazowe i gazy techniczne, kt\u00f3re odpowiadaj\u0105 na indywidualne potrzeby ka\u017cdego klienta. Naszym celem jest nie tylko dostarczenie gaz\u00f3w, ale&#8230;<\/p>\n","protected":false},"author":1,"featured_media":0,"parent":0,"menu_order":0,"comment_status":"closed","ping_status":"closed","template":"","meta":{"_mi_skip_tracking":false,"_kad_post_transparent":"","_kad_post_title":"","_kad_post_layout":"","_kad_post_sidebar_id":"","_kad_post_content_style":"","_kad_post_vertical_padding":"","_kad_post_feature":"","_kad_post_feature_position":"","_kad_post_header":false,"_kad_post_footer":false},"aioseo_notices":[],"_links":{"self":[{"href":"https:\/\/tlen-gaz.pl\/index.php?rest_route=\/wp\/v2\/pages\/785"}],"collection":[{"href":"https:\/\/tlen-gaz.pl\/index.php?rest_route=\/wp\/v2\/pages"}],"about":[{"href":"https:\/\/tlen-gaz.pl\/index.php?rest_route=\/wp\/v2\/types\/page"}],"author":[{"embeddable":true,"href":"https:\/\/tlen-gaz.pl\/index.php?rest_route=\/wp\/v2\/users\/1"}],"replies":[{"embeddable":true,"href":"https:\/\/tlen-gaz.pl\/index.php?rest_route=%2Fwp%2Fv2%2Fcomments&post=785"}],"version-history":[{"count":2,"href":"https:\/\/tlen-gaz.pl\/index.php?rest_route=\/wp\/v2\/pages\/785\/revisions"}],"predecessor-version":[{"id":822,"href":"https:\/\/tlen-gaz.pl\/index.php?rest_route=\/wp\/v2\/pages\/785\/revisions\/822"}],"wp:attachment":[{"href":"https:\/\/tlen-gaz.pl\/index.php?rest_route=%2Fwp%2Fv2%2Fmedia&parent=785"}],"curies":[{"name":"wp","href":"https:\/\/api.w.org\/{rel}","templated":true}]}}