{"id":783,"date":"2025-05-15T09:17:07","date_gmt":"2025-05-15T09:17:07","guid":{"rendered":"https:\/\/tlen-gaz.pl\/?page_id=783"},"modified":"2025-05-15T09:17:07","modified_gmt":"2025-05-15T09:17:07","slug":"gazy-techniczne-radzymin","status":"publish","type":"page","link":"https:\/\/tlen-gaz.pl\/?page_id=783","title":{"rendered":"Gazy techniczne \u2013 Radzymin"},"content":{"rendered":"\n<p style=\"text-align: justify;\">Nasza firma oferuje kompleksow\u0105 ofert\u0119 gaz\u00f3w technicznych, kt\u00f3re zaspokajaj\u0105 potrzeby najbardziej wymagaj\u0105cych klient\u00f3w. Dzi\u0119ki wieloletniemu do\u015bwiadczeniu, szerokiemu asortymentowi oraz indywidualnemu podej\u015bciu do ka\u017cdego zlecenia, jeste\u015bmy w stanie zapewni\u0107 rozwi\u0105zania, kt\u00f3re zaspokoj\u0105 nawet najbardziej szczeg\u00f3\u0142owe wymagania technologiczne. Nasza oferta obejmuje zar\u00f3wno gazy czyste, jak i specjalistyczne mieszanki gazowe, kt\u00f3re odpowiadaj\u0105 r\u00f3\u017cnorodnym wymaganiom przemys\u0142owym. Zdajemy sobie spraw\u0119, \u017ce ka\u017cda firma ma swoje unikalne potrzeby, dlatego dbamy o to, aby nasze <strong>gazy techniczne<\/strong> by\u0142y precyzyjnie dopasowane do specyfiki proces\u00f3w, w jakich b\u0119d\u0105 wykorzystywane. Naszym celem jest dostarczanie rozwi\u0105za\u0144, kt\u00f3re wspieraj\u0105 rozw\u00f3j Pa\u0144stwa firmy, zapewniaj\u0105c jednocze\u015bnie optymalizacj\u0119 koszt\u00f3w oraz zwi\u0119kszenie efektywno\u015bci produkcji.<\/p>\n<h2 style=\"text-align: left;\">Co wyr\u00f3\u017cnia nasze gazy techniczne na tle konkurencji?<\/h2>\n<p style=\"text-align: justify;\">Nasze podej\u015bcie oparte na pe\u0142nej elastyczno\u015bci. Ka\u017cde zlecenie traktujemy indywidualnie, dostosowuj\u0105c nasze rozwi\u0105zania do potrzeb klienta. Dzi\u0119ki temu, ka\u017cda firma, niezale\u017cnie od jej wielko\u015bci, mo\u017ce liczy\u0107 na spersonalizowan\u0105 obs\u0142ug\u0119 i gazy techniczne najwy\u017cszej jako\u015bci. Dodatkowo, zapewniamy pe\u0142ne wsparcie techniczne, co pozwala naszym klientom na optymalne wykorzystanie gaz\u00f3w technicznych w swoich procesach produkcyjnych.<\/p>\n<p style=\"text-align: justify;\">Jednym z najwa\u017cniejszych aspekt\u00f3w, na kt\u00f3re k\u0142adziemy szczeg\u00f3lny nacisk, jest terminowo\u015b\u0107 dostaw. Wsp\u00f3\u0142pracujemy z najlepszymi firmami transportowymi, co pozwala nam na gwarantowanie szybkiej i niezawodnej dostawy gaz\u00f3w technicznych prosto pod wskazany adres. Dzi\u0119ki temu nasi klienci mog\u0105 mie\u0107 pewno\u015b\u0107, \u017ce ich procesy produkcyjne b\u0119d\u0105 przebiega\u0107 bez zak\u0142\u00f3ce\u0144, a czas przestoj\u00f3w zwi\u0105zanych z brakiem odpowiednich materia\u0142\u00f3w zostanie zminimalizowany.<\/p>\n<h2 style=\"text-align: left;\">Konkurencyjne ceny gaz\u00f3w technicznych<\/h2>\n<p style=\"text-align: justify;\">Dodatkowo, oferujemy konkurencyjne ceny, kt\u00f3re s\u0105 dostosowane do jako\u015bci naszych produkt\u00f3w i us\u0142ug. D\u0105\u017cymy do tego, aby nasze gazy techniczne by\u0142y dost\u0119pne dla szerokiego kr\u0119gu klient\u00f3w, a ich cena nie stanowi\u0142a bariery w dost\u0119pie do najlepszych rozwi\u0105za\u0144 na rynku. Z kolei nasza fachowa obs\u0142uga sprawia, \u017ce wsp\u00f3\u0142praca z nami jest \u0142atwa, szybka i przyjemna.<\/p>\n<p style=\"text-align: justify;\">Nasza oferta to nie tylko <a href=\"https:\/\/tlen-gaz.pl\/gazy-techniczne-pruszkow\">gazy techniczne<\/a>, ale tak\u017ce pe\u0142na gama us\u0142ug dodatkowych, kt\u00f3re obejmuj\u0105 doradztwo techniczne, a tak\u017ce pomoc w doborze najlepszych gaz\u00f3w do konkretnych aplikacji.<\/p>\n","protected":false},"excerpt":{"rendered":"<p>Nasza firma oferuje kompleksow\u0105 ofert\u0119 gaz\u00f3w technicznych, kt\u00f3re zaspokajaj\u0105 potrzeby najbardziej wymagaj\u0105cych klient\u00f3w. Dzi\u0119ki wieloletniemu do\u015bwiadczeniu, szerokiemu asortymentowi oraz indywidualnemu podej\u015bciu do ka\u017cdego zlecenia, jeste\u015bmy w stanie zapewni\u0107 rozwi\u0105zania, kt\u00f3re zaspokoj\u0105 nawet najbardziej szczeg\u00f3\u0142owe wymagania technologiczne. Nasza oferta obejmuje zar\u00f3wno gazy czyste, jak i specjalistyczne mieszanki gazowe, kt\u00f3re odpowiadaj\u0105 r\u00f3\u017cnorodnym wymaganiom przemys\u0142owym. Zdajemy sobie spraw\u0119,&#8230;<\/p>\n","protected":false},"author":1,"featured_media":0,"parent":0,"menu_order":0,"comment_status":"closed","ping_status":"closed","template":"","meta":{"_mi_skip_tracking":false,"_kad_post_transparent":"","_kad_post_title":"","_kad_post_layout":"","_kad_post_sidebar_id":"","_kad_post_content_style":"","_kad_post_vertical_padding":"","_kad_post_feature":"","_kad_post_feature_position":"","_kad_post_header":false,"_kad_post_footer":false},"aioseo_notices":[],"_links":{"self":[{"href":"https:\/\/tlen-gaz.pl\/index.php?rest_route=\/wp\/v2\/pages\/783"}],"collection":[{"href":"https:\/\/tlen-gaz.pl\/index.php?rest_route=\/wp\/v2\/pages"}],"about":[{"href":"https:\/\/tlen-gaz.pl\/index.php?rest_route=\/wp\/v2\/types\/page"}],"author":[{"embeddable":true,"href":"https:\/\/tlen-gaz.pl\/index.php?rest_route=\/wp\/v2\/users\/1"}],"replies":[{"embeddable":true,"href":"https:\/\/tlen-gaz.pl\/index.php?rest_route=%2Fwp%2Fv2%2Fcomments&post=783"}],"version-history":[{"count":2,"href":"https:\/\/tlen-gaz.pl\/index.php?rest_route=\/wp\/v2\/pages\/783\/revisions"}],"predecessor-version":[{"id":821,"href":"https:\/\/tlen-gaz.pl\/index.php?rest_route=\/wp\/v2\/pages\/783\/revisions\/821"}],"wp:attachment":[{"href":"https:\/\/tlen-gaz.pl\/index.php?rest_route=%2Fwp%2Fv2%2Fmedia&parent=783"}],"curies":[{"name":"wp","href":"https:\/\/api.w.org\/{rel}","templated":true}]}}