{"id":781,"date":"2025-05-15T09:16:23","date_gmt":"2025-05-15T09:16:23","guid":{"rendered":"https:\/\/tlen-gaz.pl\/?page_id=781"},"modified":"2025-05-15T09:16:25","modified_gmt":"2025-05-15T09:16:25","slug":"gazy-techniczne-wolomin","status":"publish","type":"page","link":"https:\/\/tlen-gaz.pl\/?page_id=781","title":{"rendered":"Gazy techniczne \u2013 Wo\u0142omin"},"content":{"rendered":"\n<p style=\"text-align: justify;\">Gaz techniczny to element niezb\u0119dny w wielu bran\u017cach przemys\u0142owych, a nasza oferta gaz\u00f3w technicznych obejmuje szeroki wyb\u00f3r produkt\u00f3w dostosowanych do r\u00f3\u017cnych proces\u00f3w technologicznych. Oferujemy<strong> gazy techniczne<\/strong> czyste, kt\u00f3re wykorzystywane s\u0105 w precyzyjnych aplikacjach, oraz mieszanki gazowe, kt\u00f3re spe\u0142niaj\u0105 szczeg\u00f3lne wymagania techniczne. Dzi\u0119ki naszym produktom, nasi klienci mog\u0105 realizowa\u0107 skomplikowane procesy produkcyjne z zachowaniem najwy\u017cszej jako\u015bci oraz bezpiecze\u0144stwa.<\/p>\n<h2 style=\"text-align: left;\">Wykorzystanie gaz\u00f3w technicznych w wielu bran\u017cach<\/h2>\n<p style=\"text-align: justify;\">Gazy techniczne znajduj\u0105 zastosowanie w wielu bran\u017cach, od przemys\u0142u spo\u017cywczego po obr\u00f3bk\u0119 metali. W sektorze spo\u017cywczym nasze produkty wykorzystywane s\u0105 do ch\u0142odzenia, mro\u017cenia, pakowania pr\u00f3\u017cniowego oraz w wielu innych procesach zwi\u0105zanych z obr\u00f3bk\u0105 \u017cywno\u015bci. W przemy\u015ble metalurgicznym i budowlanym gaz techniczny jest niezb\u0119dny do przeprowadzania proces\u00f3w spawania, ci\u0119cia, lutowania, a tak\u017ce w produkcji element\u00f3w metalowych. Szeroka gama produkt\u00f3w pozwala na dopasowanie odpowiednich gaz\u00f3w do specyfiki ka\u017cdej bran\u017cy, co jest kluczowe dla utrzymania wysokiej jako\u015bci produkcji.<\/p>\n<h2 style=\"text-align: left;\">Dobieramy gaz techniczny do potrzeb klient\u00f3w<\/h2>\n<p style=\"text-align: justify;\">Jako firma, kt\u00f3ra od lat oferuje <a href=\"https:\/\/tlen-gaz.pl\/gazy-techniczne-radzymin\">gazy techniczne<\/a> najwy\u017cszej jako\u015bci, gwarantujemy kompleksow\u0105 obs\u0142ug\u0119, kt\u00f3ra obejmuje nie tylko dostarczanie produkt\u00f3w, ale tak\u017ce fachowe doradztwo techniczne. Nasi eksperci pomog\u0105 Pa\u0144stwu dobra\u0107 odpowiednie gazy do konkretnych proces\u00f3w, bior\u0105c pod uwag\u0119 specyfik\u0119 bran\u017cy oraz wymagania techniczne. Zdajemy sobie spraw\u0119, \u017ce w wielu przypadkach czas jest kluczowy, dlatego oferujemy r\u00f3wnie\u017c szybki transport gaz\u00f3w pod wskazany adres, co zapewnia terminow\u0105 realizacj\u0119 zlece\u0144.<\/p>\n<h2 style=\"text-align: left;\">Odpowiednia jako\u015b\u0107 gaz\u00f3w technicznych<\/h2>\n<p style=\"text-align: justify;\">Dzi\u0119ki wieloletniemu do\u015bwiadczeniu na rynku gaz\u00f3w technicznych, mamy pewno\u015b\u0107, \u017ce nasza oferta sprosta wymaganiom najbardziej wymagaj\u0105cych klient\u00f3w. Niezale\u017cnie od bran\u017cy, w kt\u00f3rej dzia\u0142aj\u0105 Pa\u0144stwo, mo\u017cemy zapewni\u0107 odpowiedni\u0105 jako\u015b\u0107 gaz\u00f3w technicznych, kt\u00f3re b\u0119d\u0105 w pe\u0142ni odpowiada\u0142y potrzebom produkcyjnym. Naszym priorytetem jest dba\u0142o\u015b\u0107 o jako\u015b\u0107 oraz terminowo\u015b\u0107, co pozwala na zbudowanie d\u0142ugotrwa\u0142ych i pozytywnych relacji z klientami.<\/p>\n","protected":false},"excerpt":{"rendered":"<p>Gaz techniczny to element niezb\u0119dny w wielu bran\u017cach przemys\u0142owych, a nasza oferta gaz\u00f3w technicznych obejmuje szeroki wyb\u00f3r produkt\u00f3w dostosowanych do r\u00f3\u017cnych proces\u00f3w technologicznych. Oferujemy gazy techniczne czyste, kt\u00f3re wykorzystywane s\u0105 w precyzyjnych aplikacjach, oraz mieszanki gazowe, kt\u00f3re spe\u0142niaj\u0105 szczeg\u00f3lne wymagania techniczne. Dzi\u0119ki naszym produktom, nasi klienci mog\u0105 realizowa\u0107 skomplikowane procesy produkcyjne z zachowaniem najwy\u017cszej jako\u015bci&#8230;<\/p>\n","protected":false},"author":1,"featured_media":0,"parent":0,"menu_order":0,"comment_status":"closed","ping_status":"closed","template":"","meta":{"_mi_skip_tracking":false,"_kad_post_transparent":"","_kad_post_title":"","_kad_post_layout":"","_kad_post_sidebar_id":"","_kad_post_content_style":"","_kad_post_vertical_padding":"","_kad_post_feature":"","_kad_post_feature_position":"","_kad_post_header":false,"_kad_post_footer":false},"aioseo_notices":[],"_links":{"self":[{"href":"https:\/\/tlen-gaz.pl\/index.php?rest_route=\/wp\/v2\/pages\/781"}],"collection":[{"href":"https:\/\/tlen-gaz.pl\/index.php?rest_route=\/wp\/v2\/pages"}],"about":[{"href":"https:\/\/tlen-gaz.pl\/index.php?rest_route=\/wp\/v2\/types\/page"}],"author":[{"embeddable":true,"href":"https:\/\/tlen-gaz.pl\/index.php?rest_route=\/wp\/v2\/users\/1"}],"replies":[{"embeddable":true,"href":"https:\/\/tlen-gaz.pl\/index.php?rest_route=%2Fwp%2Fv2%2Fcomments&post=781"}],"version-history":[{"count":2,"href":"https:\/\/tlen-gaz.pl\/index.php?rest_route=\/wp\/v2\/pages\/781\/revisions"}],"predecessor-version":[{"id":820,"href":"https:\/\/tlen-gaz.pl\/index.php?rest_route=\/wp\/v2\/pages\/781\/revisions\/820"}],"wp:attachment":[{"href":"https:\/\/tlen-gaz.pl\/index.php?rest_route=%2Fwp%2Fv2%2Fmedia&parent=781"}],"curies":[{"name":"wp","href":"https:\/\/api.w.org\/{rel}","templated":true}]}}