{"id":779,"date":"2025-05-15T09:15:32","date_gmt":"2025-05-15T09:15:32","guid":{"rendered":"https:\/\/tlen-gaz.pl\/?page_id=779"},"modified":"2025-05-15T09:15:35","modified_gmt":"2025-05-15T09:15:35","slug":"gazy-techniczne-warszawa","status":"publish","type":"page","link":"https:\/\/tlen-gaz.pl\/?page_id=779","title":{"rendered":"Gazy techniczne \u2013 Warszawa"},"content":{"rendered":"\n<p style=\"text-align: justify;\">Gaz techniczny stanowi niezb\u0119dny element w wielu procesach przemys\u0142owych, a nasza oferta obejmuje szeroki wyb\u00f3r gaz\u00f3w dostosowanych do r\u00f3\u017cnych aplikacji. W naszej ofercie znajduj\u0105 si\u0119 zar\u00f3wno gazy czyste, jak i specjalistyczne mieszanki gazowe, kt\u00f3re znajduj\u0105 szerokie zastosowanie w przemy\u015ble spo\u017cywczym, metalurgicznym, chemicznym oraz w wielu innych bran\u017cach. Jako firma, kt\u00f3ra od lat zajmuje si\u0119 dystrybucj\u0105 gaz\u00f3w, mo\u017cemy zagwarantowa\u0107, \u017ce nasze <strong>gazy techniczne<\/strong> charakteryzuj\u0105 si\u0119 najwy\u017csz\u0105 jako\u015bci\u0105 i spe\u0142niaj\u0105 wszelkie normy bezpiecze\u0144stwa.<\/p>\n<h2 style=\"text-align: left;\">Zastosowanie gaz\u00f3w technicznych<\/h2>\n<p style=\"text-align: justify;\">Gazy techniczne s\u0105 wykorzystywane w procesach, kt\u00f3re wymagaj\u0105 precyzyjnego zarz\u0105dzania gazami, takich jak obr\u00f3bka \u017cywno\u015bci, produkcja chemikali\u00f3w, a tak\u017ce w spawaniu i ci\u0119ciu metali. W przemy\u015ble spo\u017cywczym nasze gazy wykorzystywane s\u0105 do zapewnienia odpowiednich warunk\u00f3w przechowywania, pakowania oraz obr\u00f3bki produkt\u00f3w spo\u017cywczych. W bran\u017cy metalurgicznej natomiast nasze mieszanki gazowe s\u0105 niezb\u0119dne do przeprowadzania proces\u00f3w ci\u0119cia i spawania metali, zapewniaj\u0105c dok\u0142adno\u015b\u0107 oraz bezpiecze\u0144stwo wykonywanych prac.<\/p>\n<h2 style=\"text-align: justify;\">Oferujemy wsparcie ekspert\u00f3w<\/h2>\n<p style=\"text-align: justify;\">Jako firma, kt\u00f3ra specjalizuje si\u0119 w gazach technicznych, zapewniamy kompleksow\u0105 obs\u0142ug\u0119, obejmuj\u0105c\u0105 zar\u00f3wno dostaw\u0119 gaz\u00f3w, jak i fachowe doradztwo techniczne. Nasi eksperci s\u0105 dost\u0119pni, aby pom\u00f3c Pa\u0144stwu w wyborze odpowiednich gaz\u00f3w do konkretnego procesu technologicznego. Dzi\u0119ki naszej wiedzy i do\u015bwiadczeniu mo\u017cemy zaoferowa\u0107 <a href=\"https:\/\/tlen-gaz.pl\/gazy-techniczne-wolomin\">gazy techniczne<\/a>, kt\u00f3re b\u0119d\u0105 optymalne pod wzgl\u0119dem wydajno\u015bci oraz bezpiecze\u0144stwa.<\/p>\n","protected":false},"excerpt":{"rendered":"<p>Gaz techniczny stanowi niezb\u0119dny element w wielu procesach przemys\u0142owych, a nasza oferta obejmuje szeroki wyb\u00f3r gaz\u00f3w dostosowanych do r\u00f3\u017cnych aplikacji. W naszej ofercie znajduj\u0105 si\u0119 zar\u00f3wno gazy czyste, jak i specjalistyczne mieszanki gazowe, kt\u00f3re znajduj\u0105 szerokie zastosowanie w przemy\u015ble spo\u017cywczym, metalurgicznym, chemicznym oraz w wielu innych bran\u017cach. Jako firma, kt\u00f3ra od lat zajmuje si\u0119 dystrybucj\u0105&#8230;<\/p>\n","protected":false},"author":1,"featured_media":0,"parent":0,"menu_order":0,"comment_status":"closed","ping_status":"closed","template":"","meta":{"_mi_skip_tracking":false,"_kad_post_transparent":"","_kad_post_title":"","_kad_post_layout":"","_kad_post_sidebar_id":"","_kad_post_content_style":"","_kad_post_vertical_padding":"","_kad_post_feature":"","_kad_post_feature_position":"","_kad_post_header":false,"_kad_post_footer":false},"aioseo_notices":[],"_links":{"self":[{"href":"https:\/\/tlen-gaz.pl\/index.php?rest_route=\/wp\/v2\/pages\/779"}],"collection":[{"href":"https:\/\/tlen-gaz.pl\/index.php?rest_route=\/wp\/v2\/pages"}],"about":[{"href":"https:\/\/tlen-gaz.pl\/index.php?rest_route=\/wp\/v2\/types\/page"}],"author":[{"embeddable":true,"href":"https:\/\/tlen-gaz.pl\/index.php?rest_route=\/wp\/v2\/users\/1"}],"replies":[{"embeddable":true,"href":"https:\/\/tlen-gaz.pl\/index.php?rest_route=%2Fwp%2Fv2%2Fcomments&post=779"}],"version-history":[{"count":2,"href":"https:\/\/tlen-gaz.pl\/index.php?rest_route=\/wp\/v2\/pages\/779\/revisions"}],"predecessor-version":[{"id":819,"href":"https:\/\/tlen-gaz.pl\/index.php?rest_route=\/wp\/v2\/pages\/779\/revisions\/819"}],"wp:attachment":[{"href":"https:\/\/tlen-gaz.pl\/index.php?rest_route=%2Fwp%2Fv2%2Fmedia&parent=779"}],"curies":[{"name":"wp","href":"https:\/\/api.w.org\/{rel}","templated":true}]}}