{"id":777,"date":"2025-05-15T09:13:55","date_gmt":"2025-05-15T09:13:55","guid":{"rendered":"https:\/\/tlen-gaz.pl\/?page_id=777"},"modified":"2025-05-15T09:13:56","modified_gmt":"2025-05-15T09:13:56","slug":"gazy-techniczne-zielonka","status":"publish","type":"page","link":"https:\/\/tlen-gaz.pl\/?page_id=777","title":{"rendered":"Gazy techniczne &#8211; Zielonka"},"content":{"rendered":"\n<p style=\"text-align: justify;\">W naszej ofercie dost\u0119pny jest szeroki wachlarz gaz\u00f3w technicznych, kt\u00f3re znajduj\u0105 szerokie zastosowanie w r\u00f3\u017cnych bran\u017cach przemys\u0142owych. Z pe\u0142n\u0105 odpowiedzialno\u015bci\u0105 dostarczamy produkty niezb\u0119dne w procesach technologicznych zwi\u0105zanych z przemys\u0142em spo\u017cywczym, chemicznym, metalurgicznym oraz wielu innych. Nasze <strong>gazy techniczne<\/strong>, w tym gazy czyste oraz specjalnie przygotowane mieszanki gazowe, wykorzystywane s\u0105 w r\u00f3\u017cnorodnych aplikacjach, kt\u00f3re wymagaj\u0105 precyzyjnego i bezpiecznego zarz\u0105dzania gazami.<\/p>\n<h2 style=\"text-align: left;\">Wysokiej jako\u015bci gazy techniczne<\/h2>\n<p style=\"text-align: justify;\">Dbamy o to, aby ka\u017cdy nasz klient m\u00f3g\u0142 korzysta\u0107 z produkt\u00f3w najwy\u017cszej jako\u015bci. Wsp\u00f3\u0142pracujemy z renomowanymi dostawcami, kt\u00f3rzy zapewniaj\u0105 nam dost\u0119p do najnowocze\u015bniejszych technologii produkcji gaz\u00f3w. Dzi\u0119ki temu nasza oferta obejmuje produkty, kt\u00f3re charakteryzuj\u0105 si\u0119 wysok\u0105 czysto\u015bci\u0105 oraz stabilno\u015bci\u0105, co jest niezwykle istotne w precyzyjnych procesach przemys\u0142owych.<\/p>\n<p style=\"text-align: justify;\">Gazy techniczne, kt\u00f3re oferujemy, wykorzystywane s\u0105 w wielu bran\u017cach, takich jak przemys\u0142 spo\u017cywczy, gdzie stosowane s\u0105 do ch\u0142odzenia, pakowania pr\u00f3\u017cniowego, mro\u017cenia czy przechowywania produkt\u00f3w. W bran\u017cy chemicznej nasze gazy wykorzystywane s\u0105 w procesach reakcji chemicznych, produkcji substancji chemicznych, a tak\u017ce w zastosowaniach laboratoryjnych. W obr\u00f3bce metali, nasze <a href=\"https:\/\/tlen-gaz.pl\/gazy-techniczne-warszawa\">gazy techniczne<\/a> s\u0105 niezast\u0105pione w procesach spawania, ci\u0119cia i lutowania, zapewniaj\u0105c bezpiecze\u0144stwo i precyzj\u0119 podczas realizacji zlece\u0144.<\/p>\n<h2 style=\"text-align: left;\">Kompleksowe doradztwo techniczne<\/h2>\n<p style=\"text-align: justify;\">Jako firma, kt\u00f3ra od lat dzia\u0142a na rynku gaz\u00f3w technicznych, jeste\u015bmy w stanie zaoferowa\u0107 nie tylko produkty, ale tak\u017ce kompleksowe doradztwo techniczne. Nasz zesp\u00f3\u0142 ekspert\u00f3w z ch\u0119ci\u0105 udzieli wsparcia w doborze odpowiednich gaz\u00f3w do Pa\u0144stwa proces\u00f3w technologicznych, zapewniaj\u0105c optymalne rozwi\u0105zania pod wzgl\u0119dem jako\u015bci, bezpiecze\u0144stwa i efektywno\u015bci. Ponadto, dostosowujemy nasze us\u0142ugi do indywidualnych potrzeb klient\u00f3w, co pozwala nam zaoferowa\u0107 rozwi\u0105zania idealnie dopasowane do specyfikacji ka\u017cdego zlecenia.<\/p>\n<p style=\"text-align: justify;\">Warto podkre\u015bli\u0107, \u017ce dbamy o terminowo\u015b\u0107 realizacji zam\u00f3wie\u0144. Wsp\u00f3\u0142pracujemy z renomowanymi firmami transportowymi, co pozwala nam na zapewnienie szybkiej dostawy gaz\u00f3w technicznych bezpo\u015brednio pod wskazany przez Pa\u0144stwa adres.<\/p>\n","protected":false},"excerpt":{"rendered":"<p>W naszej ofercie dost\u0119pny jest szeroki wachlarz gaz\u00f3w technicznych, kt\u00f3re znajduj\u0105 szerokie zastosowanie w r\u00f3\u017cnych bran\u017cach przemys\u0142owych. Z pe\u0142n\u0105 odpowiedzialno\u015bci\u0105 dostarczamy produkty niezb\u0119dne w procesach technologicznych zwi\u0105zanych z przemys\u0142em spo\u017cywczym, chemicznym, metalurgicznym oraz wielu innych. Nasze gazy techniczne, w tym gazy czyste oraz specjalnie przygotowane mieszanki gazowe, wykorzystywane s\u0105 w r\u00f3\u017cnorodnych aplikacjach, kt\u00f3re wymagaj\u0105 precyzyjnego&#8230;<\/p>\n","protected":false},"author":1,"featured_media":0,"parent":0,"menu_order":0,"comment_status":"closed","ping_status":"closed","template":"","meta":{"_mi_skip_tracking":false,"_kad_post_transparent":"","_kad_post_title":"","_kad_post_layout":"","_kad_post_sidebar_id":"","_kad_post_content_style":"","_kad_post_vertical_padding":"","_kad_post_feature":"","_kad_post_feature_position":"","_kad_post_header":false,"_kad_post_footer":false},"aioseo_notices":[],"_links":{"self":[{"href":"https:\/\/tlen-gaz.pl\/index.php?rest_route=\/wp\/v2\/pages\/777"}],"collection":[{"href":"https:\/\/tlen-gaz.pl\/index.php?rest_route=\/wp\/v2\/pages"}],"about":[{"href":"https:\/\/tlen-gaz.pl\/index.php?rest_route=\/wp\/v2\/types\/page"}],"author":[{"embeddable":true,"href":"https:\/\/tlen-gaz.pl\/index.php?rest_route=\/wp\/v2\/users\/1"}],"replies":[{"embeddable":true,"href":"https:\/\/tlen-gaz.pl\/index.php?rest_route=%2Fwp%2Fv2%2Fcomments&post=777"}],"version-history":[{"count":2,"href":"https:\/\/tlen-gaz.pl\/index.php?rest_route=\/wp\/v2\/pages\/777\/revisions"}],"predecessor-version":[{"id":818,"href":"https:\/\/tlen-gaz.pl\/index.php?rest_route=\/wp\/v2\/pages\/777\/revisions\/818"}],"wp:attachment":[{"href":"https:\/\/tlen-gaz.pl\/index.php?rest_route=%2Fwp%2Fv2%2Fmedia&parent=777"}],"curies":[{"name":"wp","href":"https:\/\/api.w.org\/{rel}","templated":true}]}}